{"id":1264,"date":"2023-10-07T07:45:38","date_gmt":"2023-10-07T07:45:38","guid":{"rendered":"https:\/\/www.satlabgeo.com\/?post_type=product&#038;p=1264"},"modified":"2025-11-26T03:23:13","modified_gmt":"2025-11-26T03:23:13","slug":"apus-uav-lidar","status":"publish","type":"product","link":"https:\/\/www.satlabgeo.com\/es\/product\/apus-uav-lidar\/","title":{"rendered":"LiDAR de veh\u00edculos a\u00e9reos no tripulados Apus"},"content":{"rendered":"<p><img decoding=\"async\" src=\"https:\/\/www.satlabgeo.com\/wp-content\/uploads\/2023\/10\/APUS-960x336-2.jpg\" alt=\"esc\u00e1ner l\u00e1ser avanzado\" \/><\/p>\n<h4>1. Simplicidad centrada en el usuario<\/h4>\n<p>El esc\u00e1ner l\u00e1ser avanzado Apus encarna la elegancia y la simplicidad. Tanto si es un experto en topograf\u00eda LiDAR como si est\u00e1 empezando, nuestra instalaci\u00f3n plug-and-play y nuestro manejo intuitivo con un solo bot\u00f3n hacen que la cartograf\u00eda sea accesible para todos. Comience de forma r\u00e1pida y econ\u00f3mica.<\/p>\n<h4>2. Integraci\u00f3n avanzada, rendimiento extraordinario<\/h4>\n<p>En el interior de Apus, encontrar\u00e1 una armoniosa fusi\u00f3n de innovaci\u00f3n. Con el esc\u00e1ner l\u00e1ser avanzado HESAI, un sistema de navegaci\u00f3n inercial asistido por GNSS de alta precisi\u00f3n y una c\u00e1mara de alta resoluci\u00f3n, todo ello elegantemente alojado en una estructura compacta de 1 kg. Su modo de tres retornos le permite conquistar diversos terrenos sin esfuerzo.<\/p>\n<h4>3. Flujo de trabajo fluido, resultados sin esfuerzo<\/h4>\n<p>Aprovechando la potencia del software Sat-LiDAR, Apus revoluciona el flujo de trabajo con un solo clic. Todo el proceso se optimiza y simplifica mediante la integraci\u00f3n perfecta de la resoluci\u00f3n de trayectorias, la fusi\u00f3n de datos, el ajuste de franjas, la optimizaci\u00f3n de la nube de puntos y la coloraci\u00f3n v\u00edvida. El resultado es una notable combinaci\u00f3n de precisi\u00f3n y excelencia visual en la salida de datos, lograda con una facilidad y eficiencia inigualables.<\/p>\n<div style=\"text-align: center, max-width: 640px; margin: 0 auto;\"><video width=\"300\" height=\"150\" class=\"wp-video-shortcode\" preload=\"metadata\" controls=\"controls\"><source type=\"video\/youtube\" src=\"https:\/\/youtu.be\/6LFP6fbxp5E\" \/><\/video><\/div>","protected":false},"excerpt":{"rendered":"<p>El Apus representa la evoluci\u00f3n de las soluciones LiDAR de SatLab. Este sistema ligero, compacto y de alta gama integra un esc\u00e1ner l\u00e1ser avanzado con una c\u00e1mara de grado industrial y un sofisticado sistema de navegaci\u00f3n inercial, capaz de recopilar nubes de puntos fiables y detalladas, as\u00ed como informaci\u00f3n de im\u00e1genes de gran calidad.<br \/>\nSus diversas aplicaciones abarcan la adquisici\u00f3n de datos espaciales en 3D para mapeo de terrenos, electricidad, estudios forestales y agr\u00edcolas, respuesta a emergencias y planificaci\u00f3n territorial.<\/p>","protected":false},"featured_media":1273,"comment_status":"open","ping_status":"closed","template":"","meta":{"_links_to":"","_links_to_target":""},"product_cat":[22],"product_tag":[],"yoast_head":"<!-- This site is optimized with the Yoast SEO plugin v19.8 - https:\/\/yoast.com\/wordpress\/plugins\/seo\/ -->\n<title>Apus Airborne LiDAR System | SatLab<\/title>\n<meta name=\"description\" content=\"The Apus is a Advanced Laser Scanner LiDAR system, Its diverse applications span across 3D spatial data acquisition for terrain mapping,etc.\" \/>\n<meta name=\"robots\" content=\"index, follow, max-snippet:-1, max-image-preview:large, max-video-preview:-1\" \/>\n<link rel=\"canonical\" href=\"https:\/\/www.satlabgeo.com\/es\/product\/apus-uav-lidar\/\" \/>\n<meta property=\"og:locale\" content=\"es_ES\" \/>\n<meta property=\"og:type\" content=\"article\" \/>\n<meta property=\"og:title\" content=\"Apus Airborne LiDAR System | SatLab\" \/>\n<meta property=\"og:description\" content=\"The Apus is a Advanced Laser Scanner LiDAR system, Its diverse applications span across 3D spatial data acquisition for terrain mapping,etc.\" \/>\n<meta property=\"og:url\" content=\"https:\/\/www.satlabgeo.com\/es\/product\/apus-uav-lidar\/\" \/>\n<meta property=\"og:site_name\" content=\"Global Satellite Positioning Solutions | SatLab Geosolutions AB\" \/>\n<meta property=\"article:modified_time\" content=\"2025-11-26T03:23:13+00:00\" \/>\n<meta property=\"og:image\" content=\"https:\/\/www.satlabgeo.com\/wp-content\/uploads\/2023\/10\/APUSM300\uff08700-700\uff09.png\" \/>\n\t<meta property=\"og:image:width\" content=\"700\" \/>\n\t<meta property=\"og:image:height\" content=\"519\" \/>\n\t<meta property=\"og:image:type\" content=\"image\/png\" \/>\n<meta name=\"twitter:card\" content=\"summary_large_image\" \/>\n<meta name=\"twitter:label1\" content=\"Tiempo de lectura\" \/>\n\t<meta name=\"twitter:data1\" content=\"1 minuto\" \/>\n<script type=\"application\/ld+json\" class=\"yoast-schema-graph\">{\"@context\":\"https:\/\/schema.org\",\"@graph\":[{\"@type\":\"WebPage\",\"@id\":\"https:\/\/www.satlabgeo.com\/product\/apus-uav-lidar\/\",\"url\":\"https:\/\/www.satlabgeo.com\/product\/apus-uav-lidar\/\",\"name\":\"Apus Airborne LiDAR System | SatLab\",\"isPartOf\":{\"@id\":\"https:\/\/www.satlabgeo.com\/#website\"},\"datePublished\":\"2023-10-07T07:45:38+00:00\",\"dateModified\":\"2025-11-26T03:23:13+00:00\",\"description\":\"The Apus is a Advanced Laser Scanner LiDAR system, Its diverse applications span across 3D spatial data acquisition for terrain mapping,etc.\",\"breadcrumb\":{\"@id\":\"https:\/\/www.satlabgeo.com\/product\/apus-uav-lidar\/#breadcrumb\"},\"inLanguage\":\"es\",\"potentialAction\":[{\"@type\":\"ReadAction\",\"target\":[\"https:\/\/www.satlabgeo.com\/product\/apus-uav-lidar\/\"]}]},{\"@type\":\"BreadcrumbList\",\"@id\":\"https:\/\/www.satlabgeo.com\/product\/apus-uav-lidar\/#breadcrumb\",\"itemListElement\":[{\"@type\":\"ListItem\",\"position\":1,\"name\":\"Home\",\"item\":\"https:\/\/www.satlabgeo.com\/\"},{\"@type\":\"ListItem\",\"position\":2,\"name\":\"Products\",\"item\":\"https:\/\/www.satlabgeo.com\/products\/\"},{\"@type\":\"ListItem\",\"position\":3,\"name\":\"Apus UAV LiDAR\"}]},{\"@type\":\"WebSite\",\"@id\":\"https:\/\/www.satlabgeo.com\/#website\",\"url\":\"https:\/\/www.satlabgeo.com\/\",\"name\":\"Global Satellite Positioning Solutions | SatLab Geosolutions AB\",\"description\":\"\",\"publisher\":{\"@id\":\"https:\/\/www.satlabgeo.com\/#organization\"},\"potentialAction\":[{\"@type\":\"SearchAction\",\"target\":{\"@type\":\"EntryPoint\",\"urlTemplate\":\"https:\/\/www.satlabgeo.com\/?s={search_term_string}\"},\"query-input\":\"required name=search_term_string\"}],\"inLanguage\":\"es\"},{\"@type\":\"Organization\",\"@id\":\"https:\/\/www.satlabgeo.com\/#organization\",\"name\":\"Global Satellite Positioning Solutions | SatLab Geosolutions AB\",\"url\":\"https:\/\/www.satlabgeo.com\/\",\"sameAs\":[],\"logo\":{\"@type\":\"ImageObject\",\"inLanguage\":\"es\",\"@id\":\"https:\/\/www.satlabgeo.com\/#\/schema\/logo\/image\/\",\"url\":\"https:\/\/www.satlabgeo.com\/wp-content\/uploads\/2025\/08\/satlab-logo.webp\",\"contentUrl\":\"https:\/\/www.satlabgeo.com\/wp-content\/uploads\/2025\/08\/satlab-logo.webp\",\"width\":191,\"height\":48,\"caption\":\"Global Satellite Positioning Solutions | SatLab Geosolutions AB\"},\"image\":{\"@id\":\"https:\/\/www.satlabgeo.com\/#\/schema\/logo\/image\/\"}}]}<\/script>\n<!-- \/ Yoast SEO plugin. -->","yoast_head_json":{"title":"Apus Airborne LiDAR System | SatLab","description":"The Apus is a Advanced Laser Scanner LiDAR system, Its diverse applications span across 3D spatial data acquisition for terrain mapping,etc.","robots":{"index":"index","follow":"follow","max-snippet":"max-snippet:-1","max-image-preview":"max-image-preview:large","max-video-preview":"max-video-preview:-1"},"canonical":"https:\/\/www.satlabgeo.com\/es\/product\/apus-uav-lidar\/","og_locale":"es_ES","og_type":"article","og_title":"Apus Airborne LiDAR System | SatLab","og_description":"The Apus is a Advanced Laser Scanner LiDAR system, Its diverse applications span across 3D spatial data acquisition for terrain mapping,etc.","og_url":"https:\/\/www.satlabgeo.com\/es\/product\/apus-uav-lidar\/","og_site_name":"Global Satellite Positioning Solutions | SatLab Geosolutions AB","article_modified_time":"2025-11-26T03:23:13+00:00","og_image":[{"width":700,"height":519,"url":"https:\/\/www.satlabgeo.com\/wp-content\/uploads\/2023\/10\/APUSM300\uff08700-700\uff09.png","type":"image\/png"}],"twitter_card":"summary_large_image","twitter_misc":{"Tiempo de lectura":"1 minuto"},"schema":{"@context":"https:\/\/schema.org","@graph":[{"@type":"WebPage","@id":"https:\/\/www.satlabgeo.com\/product\/apus-uav-lidar\/","url":"https:\/\/www.satlabgeo.com\/product\/apus-uav-lidar\/","name":"Apus Airborne LiDAR System | SatLab","isPartOf":{"@id":"https:\/\/www.satlabgeo.com\/#website"},"datePublished":"2023-10-07T07:45:38+00:00","dateModified":"2025-11-26T03:23:13+00:00","description":"The Apus is a Advanced Laser Scanner LiDAR system, Its diverse applications span across 3D spatial data acquisition for terrain mapping,etc.","breadcrumb":{"@id":"https:\/\/www.satlabgeo.com\/product\/apus-uav-lidar\/#breadcrumb"},"inLanguage":"es","potentialAction":[{"@type":"ReadAction","target":["https:\/\/www.satlabgeo.com\/product\/apus-uav-lidar\/"]}]},{"@type":"BreadcrumbList","@id":"https:\/\/www.satlabgeo.com\/product\/apus-uav-lidar\/#breadcrumb","itemListElement":[{"@type":"ListItem","position":1,"name":"Home","item":"https:\/\/www.satlabgeo.com\/"},{"@type":"ListItem","position":2,"name":"Products","item":"https:\/\/www.satlabgeo.com\/products\/"},{"@type":"ListItem","position":3,"name":"Apus UAV LiDAR"}]},{"@type":"WebSite","@id":"https:\/\/www.satlabgeo.com\/#website","url":"https:\/\/www.satlabgeo.com\/","name":"Global Satellite Positioning Solutions | SatLab Geosolutions AB","description":"","publisher":{"@id":"https:\/\/www.satlabgeo.com\/#organization"},"potentialAction":[{"@type":"SearchAction","target":{"@type":"EntryPoint","urlTemplate":"https:\/\/www.satlabgeo.com\/?s={search_term_string}"},"query-input":"required name=search_term_string"}],"inLanguage":"es"},{"@type":"Organization","@id":"https:\/\/www.satlabgeo.com\/#organization","name":"Global Satellite Positioning Solutions | SatLab Geosolutions AB","url":"https:\/\/www.satlabgeo.com\/","sameAs":[],"logo":{"@type":"ImageObject","inLanguage":"es","@id":"https:\/\/www.satlabgeo.com\/#\/schema\/logo\/image\/","url":"https:\/\/www.satlabgeo.com\/wp-content\/uploads\/2025\/08\/satlab-logo.webp","contentUrl":"https:\/\/www.satlabgeo.com\/wp-content\/uploads\/2025\/08\/satlab-logo.webp","width":191,"height":48,"caption":"Global Satellite Positioning Solutions | SatLab Geosolutions AB"},"image":{"@id":"https:\/\/www.satlabgeo.com\/#\/schema\/logo\/image\/"}}]}},"_links":{"self":[{"href":"https:\/\/www.satlabgeo.com\/es\/wp-json\/wp\/v2\/product\/1264"}],"collection":[{"href":"https:\/\/www.satlabgeo.com\/es\/wp-json\/wp\/v2\/product"}],"about":[{"href":"https:\/\/www.satlabgeo.com\/es\/wp-json\/wp\/v2\/types\/product"}],"replies":[{"embeddable":true,"href":"https:\/\/www.satlabgeo.com\/es\/wp-json\/wp\/v2\/comments?post=1264"}],"version-history":[{"count":2,"href":"https:\/\/www.satlabgeo.com\/es\/wp-json\/wp\/v2\/product\/1264\/revisions"}],"predecessor-version":[{"id":3174,"href":"https:\/\/www.satlabgeo.com\/es\/wp-json\/wp\/v2\/product\/1264\/revisions\/3174"}],"wp:featuredmedia":[{"embeddable":true,"href":"https:\/\/www.satlabgeo.com\/es\/wp-json\/wp\/v2\/media\/1273"}],"wp:attachment":[{"href":"https:\/\/www.satlabgeo.com\/es\/wp-json\/wp\/v2\/media?parent=1264"}],"wp:term":[{"taxonomy":"product_cat","embeddable":true,"href":"https:\/\/www.satlabgeo.com\/es\/wp-json\/wp\/v2\/product_cat?post=1264"},{"taxonomy":"product_tag","embeddable":true,"href":"https:\/\/www.satlabgeo.com\/es\/wp-json\/wp\/v2\/product_tag?post=1264"}],"curies":[{"name":"wp","href":"https:\/\/api.w.org\/{rel}","templated":true}]}}