{"id":1143,"date":"2023-09-04T02:15:05","date_gmt":"2023-09-04T02:15:05","guid":{"rendered":"https:\/\/www.satlabgeo.com\/?post_type=product&#038;p=1143"},"modified":"2025-06-20T16:04:59","modified_gmt":"2025-06-20T16:04:59","slug":"hydroboat-1200-usv","status":"publish","type":"product","link":"https:\/\/www.satlabgeo.com\/es\/product\/hydroboat-1200-usv\/","title":{"rendered":"Barco USV HydroBoat 1200"},"content":{"rendered":"<div class=\"landscape\"><a href=\"https:\/\/www.satlabgeo.com\/es\/contact-us\/\"><img decoding=\"async\" src=\"https:\/\/www.satlabgeo.com\/wp-content\/uploads\/2023\/09\/HydroBoat-1200-.jpg\" alt=\"buque aut\u00f3nomo\" class=\"aligncenter\" \/><\/a><\/div>\n<p>&nbsp;<\/p>\n<h2 title=\"buque aut\u00f3nomo\"><span style=\"font-size: 18pt;\">Versatilidad y portabilidad inigualables<\/span><\/h2>\n<p><span>Una plataforma integral dise\u00f1ada espec\u00edficamente para integrarse con diversos dispositivos de medici\u00f3n de agua para estudios hidrogr\u00e1ficos y monitoreo ambiental. Su dise\u00f1o ligero y su maniobrabilidad optimizada facilitan la flexibilidad operativa en diferentes implementaciones de instrumentos y el transporte para estudios entre diferentes sitios.<\/span><\/p>\n<h3 title=\"buques de investigaci\u00f3n no tripulados\"><span style=\"font-size: 18pt;\">Flujo de agua adaptativo<\/span><\/h3>\n<p><span>Vuelo estacionario preciso y seguimiento eficiente de trayectoria. Sin temor a las olas ni al viento. Siga la ruta predefinida con precisi\u00f3n incluso en entornos dif\u00edciles. El dise\u00f1o hidrodin\u00e1mico eficiente para las operaciones previstas del USV, guiado por simulaci\u00f3n CFD, mejora la estabilidad del casco y la reducci\u00f3n del ruido en diversas condiciones y cargas del agua.<\/span><\/p>\n<h3 title=\"buque aut\u00f3nomo\"><span style=\"font-size: 18pt;\">Nuevo algoritmo de combinaci\u00f3n GNSS+IMU<\/span><\/h3>\n<p><span>Con una respuesta din\u00e1mica de nivel de milisegundos, el motor CAD de alto rendimiento simplifica la selecci\u00f3n de puntos y l\u00edneas de replanteo, lo que hace que el proceso sea incre\u00edblemente intuitivo y eficiente con solo un clic.<\/span><\/p>\n<h3><span style=\"font-size: 18pt;\">Mejora integral de la seguridad<\/span><\/h3>\n<p><span>Seguridad y precisi\u00f3n de 360\u00b0. SBES, GNSS, IMU, c\u00e1mara PTZ de 360\u00b0, radar de ondas milim\u00e9tricas y luces de navegaci\u00f3n bicolor integrados garantizan datos precisos de profundidad y posicionamiento, adem\u00e1s de brindar protecci\u00f3n integral contra embarrancamientos y colisiones.<\/span><br \/>\n<\/p>\n<div style=\"text-align: center; max-width: 640px; margin: 0 auto; max-height: 400px;\" >\n<video class=\"wp-video-shortcode\" preload=\"metadata\" controls=\"controls\"><source type=\"video\/youtube\" src=\"https:\/\/youtu.be\/ubIpbcKOduM\" \/><\/video>\n<\/div>","protected":false},"excerpt":{"rendered":"<p>HydroBoat 1200: una encarnaci\u00f3n de compacidad y facilidad, dise\u00f1ado para un funcionamiento perfecto en una amplia gama de equipos.<br \/>\nGracias a la tecnolog\u00eda profesional de CFD, su estabilidad alcanza nuevas cotas. Combinado con una ecosonda monohaz de alta precisi\u00f3n, un receptor de posicionamiento direccional GNSS y un avanzado sistema inteligente de control de embarcaciones, satisface con destreza diversas necesidades operativas en el agua.<br \/>\nLa seguridad mejorada mediante una unidad de medici\u00f3n de intensidad (IMU) integrada, una c\u00e1mara panor\u00e1mica e inclinable de 360\u00b0 y un radar de ondas milim\u00e9tricas refuerza sus atributos de forma integral. Esta embarcaci\u00f3n aut\u00f3noma, que puede equiparse con ADCP de vanguardia, sonar de barrido lateral, sonda de doble frecuencia, medidor de calidad del agua multiparam\u00e9trico, sonar de imagen y m\u00e1s, se posiciona como el socio ideal para tareas que abarcan la medici\u00f3n de corrientes, batimetr\u00eda, estudios subacu\u00e1ticos y evaluaci\u00f3n de la calidad del agua.<\/p>","protected":false},"featured_media":1157,"comment_status":"open","ping_status":"closed","template":"","meta":{"_links_to":"","_links_to_target":""},"product_cat":[73],"product_tag":[],"yoast_head":"<!-- This site is optimized with the Yoast SEO plugin v19.8 - https:\/\/yoast.com\/wordpress\/plugins\/seo\/ -->\n<title>HydroBoat 1200 USV | SatLab<\/title>\n<meta name=\"description\" content=\"Efficient &amp; reliable, our autonomous vessel are perfect for marine data collection. Hydrographic Surveys. Coastal &amp; Harbor Monitoring.\" \/>\n<meta name=\"robots\" content=\"index, follow, max-snippet:-1, max-image-preview:large, max-video-preview:-1\" \/>\n<link rel=\"canonical\" href=\"https:\/\/www.satlabgeo.com\/es\/product\/hydroboat-1200-usv\/\" \/>\n<meta property=\"og:locale\" content=\"es_ES\" \/>\n<meta property=\"og:type\" content=\"article\" \/>\n<meta property=\"og:title\" content=\"HydroBoat 1200 USV | SatLab\" \/>\n<meta property=\"og:description\" content=\"Efficient &amp; reliable, our autonomous vessel are perfect for marine data collection. Hydrographic Surveys. Coastal &amp; Harbor Monitoring.\" \/>\n<meta property=\"og:url\" content=\"https:\/\/www.satlabgeo.com\/es\/product\/hydroboat-1200-usv\/\" \/>\n<meta property=\"og:site_name\" content=\"Global Satellite Positioning Solutions | SatLab Geosolutions AB\" \/>\n<meta property=\"article:modified_time\" content=\"2025-06-20T16:04:59+00:00\" \/>\n<meta property=\"og:image\" content=\"https:\/\/www.satlabgeo.com\/wp-content\/uploads\/2023\/09\/1.1.png\" \/>\n\t<meta property=\"og:image:width\" content=\"300\" \/>\n\t<meta property=\"og:image:height\" content=\"229\" \/>\n\t<meta property=\"og:image:type\" content=\"image\/png\" \/>\n<meta name=\"twitter:card\" content=\"summary_large_image\" \/>\n<meta name=\"twitter:label1\" content=\"Tiempo de lectura\" \/>\n\t<meta name=\"twitter:data1\" content=\"1 minuto\" \/>\n<script type=\"application\/ld+json\" class=\"yoast-schema-graph\">{\"@context\":\"https:\/\/schema.org\",\"@graph\":[{\"@type\":\"WebPage\",\"@id\":\"https:\/\/www.satlabgeo.com\/product\/hydroboat-1200-usv\/\",\"url\":\"https:\/\/www.satlabgeo.com\/product\/hydroboat-1200-usv\/\",\"name\":\"HydroBoat 1200 USV | SatLab\",\"isPartOf\":{\"@id\":\"https:\/\/www.satlabgeo.com\/#website\"},\"datePublished\":\"2023-09-04T02:15:05+00:00\",\"dateModified\":\"2025-06-20T16:04:59+00:00\",\"description\":\"Efficient & reliable, our autonomous vessel are perfect for marine data collection. Hydrographic Surveys. Coastal & Harbor Monitoring.\",\"breadcrumb\":{\"@id\":\"https:\/\/www.satlabgeo.com\/product\/hydroboat-1200-usv\/#breadcrumb\"},\"inLanguage\":\"es\",\"potentialAction\":[{\"@type\":\"ReadAction\",\"target\":[\"https:\/\/www.satlabgeo.com\/product\/hydroboat-1200-usv\/\"]}]},{\"@type\":\"BreadcrumbList\",\"@id\":\"https:\/\/www.satlabgeo.com\/product\/hydroboat-1200-usv\/#breadcrumb\",\"itemListElement\":[{\"@type\":\"ListItem\",\"position\":1,\"name\":\"Home\",\"item\":\"https:\/\/www.satlabgeo.com\/\"},{\"@type\":\"ListItem\",\"position\":2,\"name\":\"Products\",\"item\":\"https:\/\/www.satlabgeo.com\/products\/\"},{\"@type\":\"ListItem\",\"position\":3,\"name\":\"HydroBoat 1200 USV\"}]},{\"@type\":\"WebSite\",\"@id\":\"https:\/\/www.satlabgeo.com\/#website\",\"url\":\"https:\/\/www.satlabgeo.com\/\",\"name\":\"Global Satellite Positioning Solutions | SatLab Geosolutions AB\",\"description\":\"\",\"publisher\":{\"@id\":\"https:\/\/www.satlabgeo.com\/#organization\"},\"potentialAction\":[{\"@type\":\"SearchAction\",\"target\":{\"@type\":\"EntryPoint\",\"urlTemplate\":\"https:\/\/www.satlabgeo.com\/?s={search_term_string}\"},\"query-input\":\"required name=search_term_string\"}],\"inLanguage\":\"es\"},{\"@type\":\"Organization\",\"@id\":\"https:\/\/www.satlabgeo.com\/#organization\",\"name\":\"Global Satellite Positioning Solutions | SatLab Geosolutions AB\",\"url\":\"https:\/\/www.satlabgeo.com\/\",\"sameAs\":[],\"logo\":{\"@type\":\"ImageObject\",\"inLanguage\":\"es\",\"@id\":\"https:\/\/www.satlabgeo.com\/#\/schema\/logo\/image\/\",\"url\":\"https:\/\/www.satlabgeo.com\/wp-content\/uploads\/2025\/08\/satlab-logo.webp\",\"contentUrl\":\"https:\/\/www.satlabgeo.com\/wp-content\/uploads\/2025\/08\/satlab-logo.webp\",\"width\":191,\"height\":48,\"caption\":\"Global Satellite Positioning Solutions | SatLab Geosolutions AB\"},\"image\":{\"@id\":\"https:\/\/www.satlabgeo.com\/#\/schema\/logo\/image\/\"}}]}<\/script>\n<!-- \/ Yoast SEO plugin. -->","yoast_head_json":{"title":"HydroBoat 1200 USV | SatLab","description":"Efficient & reliable, our autonomous vessel are perfect for marine data collection. Hydrographic Surveys. Coastal & Harbor Monitoring.","robots":{"index":"index","follow":"follow","max-snippet":"max-snippet:-1","max-image-preview":"max-image-preview:large","max-video-preview":"max-video-preview:-1"},"canonical":"https:\/\/www.satlabgeo.com\/es\/product\/hydroboat-1200-usv\/","og_locale":"es_ES","og_type":"article","og_title":"HydroBoat 1200 USV | SatLab","og_description":"Efficient & reliable, our autonomous vessel are perfect for marine data collection. Hydrographic Surveys. Coastal & Harbor Monitoring.","og_url":"https:\/\/www.satlabgeo.com\/es\/product\/hydroboat-1200-usv\/","og_site_name":"Global Satellite Positioning Solutions | SatLab Geosolutions AB","article_modified_time":"2025-06-20T16:04:59+00:00","og_image":[{"width":300,"height":229,"url":"https:\/\/www.satlabgeo.com\/wp-content\/uploads\/2023\/09\/1.1.png","type":"image\/png"}],"twitter_card":"summary_large_image","twitter_misc":{"Tiempo de lectura":"1 minuto"},"schema":{"@context":"https:\/\/schema.org","@graph":[{"@type":"WebPage","@id":"https:\/\/www.satlabgeo.com\/product\/hydroboat-1200-usv\/","url":"https:\/\/www.satlabgeo.com\/product\/hydroboat-1200-usv\/","name":"HydroBoat 1200 USV | SatLab","isPartOf":{"@id":"https:\/\/www.satlabgeo.com\/#website"},"datePublished":"2023-09-04T02:15:05+00:00","dateModified":"2025-06-20T16:04:59+00:00","description":"Efficient & reliable, our autonomous vessel are perfect for marine data collection. Hydrographic Surveys. Coastal & Harbor Monitoring.","breadcrumb":{"@id":"https:\/\/www.satlabgeo.com\/product\/hydroboat-1200-usv\/#breadcrumb"},"inLanguage":"es","potentialAction":[{"@type":"ReadAction","target":["https:\/\/www.satlabgeo.com\/product\/hydroboat-1200-usv\/"]}]},{"@type":"BreadcrumbList","@id":"https:\/\/www.satlabgeo.com\/product\/hydroboat-1200-usv\/#breadcrumb","itemListElement":[{"@type":"ListItem","position":1,"name":"Home","item":"https:\/\/www.satlabgeo.com\/"},{"@type":"ListItem","position":2,"name":"Products","item":"https:\/\/www.satlabgeo.com\/products\/"},{"@type":"ListItem","position":3,"name":"HydroBoat 1200 USV"}]},{"@type":"WebSite","@id":"https:\/\/www.satlabgeo.com\/#website","url":"https:\/\/www.satlabgeo.com\/","name":"Global Satellite Positioning Solutions | SatLab Geosolutions AB","description":"","publisher":{"@id":"https:\/\/www.satlabgeo.com\/#organization"},"potentialAction":[{"@type":"SearchAction","target":{"@type":"EntryPoint","urlTemplate":"https:\/\/www.satlabgeo.com\/?s={search_term_string}"},"query-input":"required name=search_term_string"}],"inLanguage":"es"},{"@type":"Organization","@id":"https:\/\/www.satlabgeo.com\/#organization","name":"Global Satellite Positioning Solutions | SatLab Geosolutions AB","url":"https:\/\/www.satlabgeo.com\/","sameAs":[],"logo":{"@type":"ImageObject","inLanguage":"es","@id":"https:\/\/www.satlabgeo.com\/#\/schema\/logo\/image\/","url":"https:\/\/www.satlabgeo.com\/wp-content\/uploads\/2025\/08\/satlab-logo.webp","contentUrl":"https:\/\/www.satlabgeo.com\/wp-content\/uploads\/2025\/08\/satlab-logo.webp","width":191,"height":48,"caption":"Global Satellite Positioning Solutions | SatLab Geosolutions AB"},"image":{"@id":"https:\/\/www.satlabgeo.com\/#\/schema\/logo\/image\/"}}]}},"_links":{"self":[{"href":"https:\/\/www.satlabgeo.com\/es\/wp-json\/wp\/v2\/product\/1143"}],"collection":[{"href":"https:\/\/www.satlabgeo.com\/es\/wp-json\/wp\/v2\/product"}],"about":[{"href":"https:\/\/www.satlabgeo.com\/es\/wp-json\/wp\/v2\/types\/product"}],"replies":[{"embeddable":true,"href":"https:\/\/www.satlabgeo.com\/es\/wp-json\/wp\/v2\/comments?post=1143"}],"version-history":[{"count":18,"href":"https:\/\/www.satlabgeo.com\/es\/wp-json\/wp\/v2\/product\/1143\/revisions"}],"predecessor-version":[{"id":2677,"href":"https:\/\/www.satlabgeo.com\/es\/wp-json\/wp\/v2\/product\/1143\/revisions\/2677"}],"wp:featuredmedia":[{"embeddable":true,"href":"https:\/\/www.satlabgeo.com\/es\/wp-json\/wp\/v2\/media\/1157"}],"wp:attachment":[{"href":"https:\/\/www.satlabgeo.com\/es\/wp-json\/wp\/v2\/media?parent=1143"}],"wp:term":[{"taxonomy":"product_cat","embeddable":true,"href":"https:\/\/www.satlabgeo.com\/es\/wp-json\/wp\/v2\/product_cat?post=1143"},{"taxonomy":"product_tag","embeddable":true,"href":"https:\/\/www.satlabgeo.com\/es\/wp-json\/wp\/v2\/product_tag?post=1143"}],"curies":[{"name":"wp","href":"https:\/\/api.w.org\/{rel}","templated":true}]}}