{"id":1016,"date":"2023-07-11T06:10:08","date_gmt":"2023-07-11T06:10:08","guid":{"rendered":"https:\/\/www.satlabgeo.com\/?post_type=product&#038;p=1016"},"modified":"2025-11-26T03:25:42","modified_gmt":"2025-11-26T03:25:42","slug":"sl7-gnss-rtk-system","status":"publish","type":"product","link":"https:\/\/www.satlabgeo.com\/es\/product\/sl7-gnss-rtk-system\/","title":{"rendered":"Sistema SL7 GNSS RTK"},"content":{"rendered":"<div class=\"landscape\"><img decoding=\"async\" src=\"https:\/\/www.satlabgeo.com\/wp-content\/uploads\/2023\/07\/SL7-banner.jpg\" alt=\"receptor GNSS port\u00e1til\" class=\"aligncenter\" \/><\/div>\n<p>&nbsp;<\/p>\n<h4 title=\"receptor GNSS port\u00e1til\"><span style=\"font-size: 18pt;\">1. Potentes capacidades de seguimiento satelital y antiinterferencias<\/span><\/h4>\n<p><span>El dise\u00f1o \u00fanico de SatLab y su antena de desarrollo propio garantizan un funcionamiento estable y eficiente. Un chip de placa base altamente integrado y de bajo consumo, compatible con hasta 1408\/1760 canales, rastrea constelaciones y frecuencias completas. La excelente configuraci\u00f3n de hardware suprime las interferencias de la se\u00f1al y obtiene datos de rastreo satelital de alta calidad, garantizando rendimiento y precisi\u00f3n incluso en entornos complejos.<\/span><\/p>\n<h4>2. La navegaci\u00f3n visual facilita el replanteo<\/h4>\n<p><span>La c\u00e1mara HD de nivel estrella ofrece a los usuarios una experiencia inmersiva de navegaci\u00f3n visual 3D y replanteo. El replanteo con RA del software Satsurv proporciona gu\u00eda mediante la flecha apuntando sobre la escena real y muestra la distancia en tiempo real para que los usuarios localicen r\u00e1pidamente el punto objetivo. La funci\u00f3n de RA tambi\u00e9n se puede utilizar en actividades como el replanteo de l\u00edneas y el replanteo de mapas basado en CAD. El replanteo con RA mejora la eficiencia de trabajo en casi un 50% en comparaci\u00f3n con el replanteo tradicional en modo gr\u00e1fico y de texto.<\/span><\/p>\n<h4>3. Medici\u00f3n de inclinaci\u00f3n precisa y confiable<\/h4>\n<p><span>El receptor GNSS port\u00e1til SL7 utiliza la tecnolog\u00eda de medici\u00f3n de inclinaci\u00f3n m\u00e1s avanzada de SatLab. Gracias a su m\u00f3dulo IMU de 200 Hz integrado y a su inicializaci\u00f3n autom\u00e1tica al encenderse, completa autom\u00e1ticamente el proceso de calibraci\u00f3n de inclinaci\u00f3n sin esperar una soluci\u00f3n fija durante el funcionamiento. Adem\u00e1s, puede medir y replantear con precisi\u00f3n topogr\u00e1fica dentro de un rango de compensaci\u00f3n de inclinaci\u00f3n de hasta 60\u00b0, lo que aumenta la eficiencia en casi un 30%.<\/span><\/p>\n<h4>4. Mayor duraci\u00f3n de la bater\u00eda y mejor portabilidad<\/h4>\n<p><span>Optimiz\u00f3 toda la estructura con nuevo hardware, el receptor GNSS port\u00e1til pesa solo 750 g, su dise\u00f1o de hardware energ\u00e9ticamente eficiente garantiza una vida \u00fatil prolongada de la bater\u00eda de hasta 24 horas, lo que permite a los usuarios disfrutar de la portabilidad sin preocuparse por la descarga de la bater\u00eda.<\/span><\/p>\n<div style=\"text-align: center, max-width: 640px; margin: 0 auto;\"><video width=\"300\" height=\"150\" class=\"wp-video-shortcode\" preload=\"metadata\" controls=\"controls\"><source type=\"video\/youtube\" src=\"https:\/\/youtu.be\/5CsGRtWIPqU\" \/><\/video><\/div>","protected":false},"excerpt":{"rendered":"<p>SatLab SL7, un receptor GNSS compacto y port\u00e1til con funci\u00f3n de replanteo visual, es energ\u00e9ticamente eficiente y est\u00e1 potenciado por un chip avanzado, que proporciona hasta 24 horas de tiempo de funcionamiento. La c\u00e1mara HD de calidad starlight en la parte inferior le permite realizar replanteo visual con precisi\u00f3n, y su cuerpo liviano de 750 g y la funci\u00f3n de replanteo AR hacen que el trabajo de topograf\u00eda y mapeo tradicional sea m\u00e1s f\u00e1cil y simple.<\/p>","protected":false},"featured_media":1020,"comment_status":"open","ping_status":"closed","template":"","meta":{"_links_to":"","_links_to_target":""},"product_cat":[26],"product_tag":[78,79,80,81,82],"yoast_head":"<!-- This site is optimized with the Yoast SEO plugin v19.8 - https:\/\/yoast.com\/wordpress\/plugins\/seo\/ -->\n<title>SL7 GNSS RTK System | Global Satellite Positioning Solutions | SatLab Geosolutions AB<\/title>\n<meta name=\"description\" content=\"The portable GNSS receiver-SL7 is integrates the latest GNSS, IMU, RTK, and premium dual-camera technologies to boost survey efficiency.\" \/>\n<meta name=\"robots\" content=\"index, follow, max-snippet:-1, max-image-preview:large, max-video-preview:-1\" \/>\n<link rel=\"canonical\" href=\"https:\/\/www.satlabgeo.com\/es\/product\/sl7-gnss-rtk-system\/\" \/>\n<meta property=\"og:locale\" content=\"es_ES\" \/>\n<meta property=\"og:type\" content=\"article\" \/>\n<meta property=\"og:title\" content=\"SL7 GNSS RTK System | Global Satellite Positioning Solutions | SatLab Geosolutions AB\" \/>\n<meta property=\"og:description\" content=\"The portable GNSS receiver-SL7 is integrates the latest GNSS, IMU, RTK, and premium dual-camera technologies to boost survey efficiency.\" \/>\n<meta property=\"og:url\" content=\"https:\/\/www.satlabgeo.com\/es\/product\/sl7-gnss-rtk-system\/\" \/>\n<meta property=\"og:site_name\" content=\"Global Satellite Positioning Solutions | SatLab Geosolutions AB\" \/>\n<meta property=\"article:modified_time\" content=\"2025-11-26T03:25:42+00:00\" \/>\n<meta property=\"og:image\" content=\"https:\/\/www.satlabgeo.com\/wp-content\/uploads\/2023\/07\/SL7-02.png\" \/>\n\t<meta property=\"og:image:width\" content=\"744\" \/>\n\t<meta property=\"og:image:height\" content=\"705\" \/>\n\t<meta property=\"og:image:type\" content=\"image\/png\" \/>\n<meta name=\"twitter:card\" content=\"summary_large_image\" \/>\n<meta name=\"twitter:label1\" content=\"Tiempo de lectura\" \/>\n\t<meta name=\"twitter:data1\" content=\"2 minutos\" \/>\n<script type=\"application\/ld+json\" class=\"yoast-schema-graph\">{\"@context\":\"https:\/\/schema.org\",\"@graph\":[{\"@type\":\"WebPage\",\"@id\":\"https:\/\/www.satlabgeo.com\/product\/sl7-gnss-rtk-system\/\",\"url\":\"https:\/\/www.satlabgeo.com\/product\/sl7-gnss-rtk-system\/\",\"name\":\"SL7 GNSS RTK System | Global Satellite Positioning Solutions | SatLab Geosolutions AB\",\"isPartOf\":{\"@id\":\"https:\/\/www.satlabgeo.com\/#website\"},\"datePublished\":\"2023-07-11T06:10:08+00:00\",\"dateModified\":\"2025-11-26T03:25:42+00:00\",\"description\":\"The portable GNSS receiver-SL7 is integrates the latest GNSS, IMU, RTK, and premium dual-camera technologies to boost survey efficiency.\",\"breadcrumb\":{\"@id\":\"https:\/\/www.satlabgeo.com\/product\/sl7-gnss-rtk-system\/#breadcrumb\"},\"inLanguage\":\"es\",\"potentialAction\":[{\"@type\":\"ReadAction\",\"target\":[\"https:\/\/www.satlabgeo.com\/product\/sl7-gnss-rtk-system\/\"]}]},{\"@type\":\"BreadcrumbList\",\"@id\":\"https:\/\/www.satlabgeo.com\/product\/sl7-gnss-rtk-system\/#breadcrumb\",\"itemListElement\":[{\"@type\":\"ListItem\",\"position\":1,\"name\":\"Home\",\"item\":\"https:\/\/www.satlabgeo.com\/\"},{\"@type\":\"ListItem\",\"position\":2,\"name\":\"Products\",\"item\":\"https:\/\/www.satlabgeo.com\/products\/\"},{\"@type\":\"ListItem\",\"position\":3,\"name\":\"SL7 GNSS RTK System\"}]},{\"@type\":\"WebSite\",\"@id\":\"https:\/\/www.satlabgeo.com\/#website\",\"url\":\"https:\/\/www.satlabgeo.com\/\",\"name\":\"Global Satellite Positioning Solutions | SatLab Geosolutions AB\",\"description\":\"\",\"publisher\":{\"@id\":\"https:\/\/www.satlabgeo.com\/#organization\"},\"potentialAction\":[{\"@type\":\"SearchAction\",\"target\":{\"@type\":\"EntryPoint\",\"urlTemplate\":\"https:\/\/www.satlabgeo.com\/?s={search_term_string}\"},\"query-input\":\"required name=search_term_string\"}],\"inLanguage\":\"es\"},{\"@type\":\"Organization\",\"@id\":\"https:\/\/www.satlabgeo.com\/#organization\",\"name\":\"Global Satellite Positioning Solutions | SatLab Geosolutions AB\",\"url\":\"https:\/\/www.satlabgeo.com\/\",\"sameAs\":[],\"logo\":{\"@type\":\"ImageObject\",\"inLanguage\":\"es\",\"@id\":\"https:\/\/www.satlabgeo.com\/#\/schema\/logo\/image\/\",\"url\":\"https:\/\/www.satlabgeo.com\/wp-content\/uploads\/2025\/08\/satlab-logo.webp\",\"contentUrl\":\"https:\/\/www.satlabgeo.com\/wp-content\/uploads\/2025\/08\/satlab-logo.webp\",\"width\":191,\"height\":48,\"caption\":\"Global Satellite Positioning Solutions | SatLab Geosolutions AB\"},\"image\":{\"@id\":\"https:\/\/www.satlabgeo.com\/#\/schema\/logo\/image\/\"}}]}<\/script>\n<!-- \/ Yoast SEO plugin. -->","yoast_head_json":{"title":"SL7 GNSS RTK System | Global Satellite Positioning Solutions | SatLab Geosolutions AB","description":"The portable GNSS receiver-SL7 is integrates the latest GNSS, IMU, RTK, and premium dual-camera technologies to boost survey efficiency.","robots":{"index":"index","follow":"follow","max-snippet":"max-snippet:-1","max-image-preview":"max-image-preview:large","max-video-preview":"max-video-preview:-1"},"canonical":"https:\/\/www.satlabgeo.com\/es\/product\/sl7-gnss-rtk-system\/","og_locale":"es_ES","og_type":"article","og_title":"SL7 GNSS RTK System | Global Satellite Positioning Solutions | SatLab Geosolutions AB","og_description":"The portable GNSS receiver-SL7 is integrates the latest GNSS, IMU, RTK, and premium dual-camera technologies to boost survey efficiency.","og_url":"https:\/\/www.satlabgeo.com\/es\/product\/sl7-gnss-rtk-system\/","og_site_name":"Global Satellite Positioning Solutions | SatLab Geosolutions AB","article_modified_time":"2025-11-26T03:25:42+00:00","og_image":[{"width":744,"height":705,"url":"https:\/\/www.satlabgeo.com\/wp-content\/uploads\/2023\/07\/SL7-02.png","type":"image\/png"}],"twitter_card":"summary_large_image","twitter_misc":{"Tiempo de lectura":"2 minutos"},"schema":{"@context":"https:\/\/schema.org","@graph":[{"@type":"WebPage","@id":"https:\/\/www.satlabgeo.com\/product\/sl7-gnss-rtk-system\/","url":"https:\/\/www.satlabgeo.com\/product\/sl7-gnss-rtk-system\/","name":"SL7 GNSS RTK System | Global Satellite Positioning Solutions | SatLab Geosolutions AB","isPartOf":{"@id":"https:\/\/www.satlabgeo.com\/#website"},"datePublished":"2023-07-11T06:10:08+00:00","dateModified":"2025-11-26T03:25:42+00:00","description":"The portable GNSS receiver-SL7 is integrates the latest GNSS, IMU, RTK, and premium dual-camera technologies to boost survey efficiency.","breadcrumb":{"@id":"https:\/\/www.satlabgeo.com\/product\/sl7-gnss-rtk-system\/#breadcrumb"},"inLanguage":"es","potentialAction":[{"@type":"ReadAction","target":["https:\/\/www.satlabgeo.com\/product\/sl7-gnss-rtk-system\/"]}]},{"@type":"BreadcrumbList","@id":"https:\/\/www.satlabgeo.com\/product\/sl7-gnss-rtk-system\/#breadcrumb","itemListElement":[{"@type":"ListItem","position":1,"name":"Home","item":"https:\/\/www.satlabgeo.com\/"},{"@type":"ListItem","position":2,"name":"Products","item":"https:\/\/www.satlabgeo.com\/products\/"},{"@type":"ListItem","position":3,"name":"SL7 GNSS RTK System"}]},{"@type":"WebSite","@id":"https:\/\/www.satlabgeo.com\/#website","url":"https:\/\/www.satlabgeo.com\/","name":"Global Satellite Positioning Solutions | SatLab Geosolutions AB","description":"","publisher":{"@id":"https:\/\/www.satlabgeo.com\/#organization"},"potentialAction":[{"@type":"SearchAction","target":{"@type":"EntryPoint","urlTemplate":"https:\/\/www.satlabgeo.com\/?s={search_term_string}"},"query-input":"required name=search_term_string"}],"inLanguage":"es"},{"@type":"Organization","@id":"https:\/\/www.satlabgeo.com\/#organization","name":"Global Satellite Positioning Solutions | SatLab Geosolutions AB","url":"https:\/\/www.satlabgeo.com\/","sameAs":[],"logo":{"@type":"ImageObject","inLanguage":"es","@id":"https:\/\/www.satlabgeo.com\/#\/schema\/logo\/image\/","url":"https:\/\/www.satlabgeo.com\/wp-content\/uploads\/2025\/08\/satlab-logo.webp","contentUrl":"https:\/\/www.satlabgeo.com\/wp-content\/uploads\/2025\/08\/satlab-logo.webp","width":191,"height":48,"caption":"Global Satellite Positioning Solutions | SatLab Geosolutions AB"},"image":{"@id":"https:\/\/www.satlabgeo.com\/#\/schema\/logo\/image\/"}}]}},"_links":{"self":[{"href":"https:\/\/www.satlabgeo.com\/es\/wp-json\/wp\/v2\/product\/1016"}],"collection":[{"href":"https:\/\/www.satlabgeo.com\/es\/wp-json\/wp\/v2\/product"}],"about":[{"href":"https:\/\/www.satlabgeo.com\/es\/wp-json\/wp\/v2\/types\/product"}],"replies":[{"embeddable":true,"href":"https:\/\/www.satlabgeo.com\/es\/wp-json\/wp\/v2\/comments?post=1016"}],"version-history":[{"count":6,"href":"https:\/\/www.satlabgeo.com\/es\/wp-json\/wp\/v2\/product\/1016\/revisions"}],"predecessor-version":[{"id":3176,"href":"https:\/\/www.satlabgeo.com\/es\/wp-json\/wp\/v2\/product\/1016\/revisions\/3176"}],"wp:featuredmedia":[{"embeddable":true,"href":"https:\/\/www.satlabgeo.com\/es\/wp-json\/wp\/v2\/media\/1020"}],"wp:attachment":[{"href":"https:\/\/www.satlabgeo.com\/es\/wp-json\/wp\/v2\/media?parent=1016"}],"wp:term":[{"taxonomy":"product_cat","embeddable":true,"href":"https:\/\/www.satlabgeo.com\/es\/wp-json\/wp\/v2\/product_cat?post=1016"},{"taxonomy":"product_tag","embeddable":true,"href":"https:\/\/www.satlabgeo.com\/es\/wp-json\/wp\/v2\/product_tag?post=1016"}],"curies":[{"name":"wp","href":"https:\/\/api.w.org\/{rel}","templated":true}]}}