{"id":877,"date":"2023-03-03T01:31:36","date_gmt":"2023-03-03T01:31:36","guid":{"rendered":"http:\/\/satlab.aiorange.cn\/?page_id=877"},"modified":"2023-04-12T02:18:07","modified_gmt":"2023-04-12T02:18:07","slug":"industries-detail","status":"publish","type":"page","link":"https:\/\/www.satlabgeo.com\/es\/industries-detail\/","title":{"rendered":"Industrias-Detalle"},"content":{"rendered":"<div class=\"electricity base-container\" data-aos=\"fade-up\">\n<div class=\"container\">\n<div class=\"slide-button alt\"><button class=\"sprev\"><i class=\"fas fa-angle-left\"><\/i><\/button><br \/>\n<button class=\"snext\"><i class=\"fas fa-angle-right\"><\/i><\/button><\/div>\n<div class=\"electricitySlider\">\n<div class=\"banner-slide\">\n<div class=\"electricity-flex\">\n<div class=\"electricity-layout\">\n<h3>Electricidad<\/h3>\n<h4>Protecci\u00f3n de la seguridad del personal<\/h4>\n<p><strong>Gesti\u00f3n de antecedentes: <\/strong><\/p>\n<p>gesti\u00f3n de personal, gesti\u00f3n de equipos<\/p>\n<p><strong>Protecci\u00f3n de la seguridad del personal:<\/strong><\/p>\n<p>valla electr\u00f3nica, advertencia de seguridad<\/p>\n<p><strong>Inspecci\u00f3n de patrulla inteligente: <\/strong><\/p>\n<p>Intercomunicador de despacho, historial de seguimiento, seguimiento de peligros ocultos<\/p>\n<p><strong>Servicios de mapas: <\/strong><\/p>\n<p>mapa vectorial, ortofoto, mapa 3D<br \/>\n<a class=\"learn-more\">M\u00c1S INFORMACI\u00d3N<\/a><\/p>\n<\/div>\n<figure><img decoding=\"async\" src=\"\/wp-content\/themes\/hi-target\/images\/industries-5.jpg\" alt=\"\" \/><\/figure>\n<\/div>\n<\/div>\n<div class=\"banner-slide\">\n<div class=\"electricity-flex\">\n<div class=\"electricity-layout\">\n<h3>Electricidad1<\/h3>\n<h4>Protecci\u00f3n de la seguridad del personal<\/h4>\n<p><strong>Gesti\u00f3n de antecedentes: <\/strong><\/p>\n<p>gesti\u00f3n de personal, gesti\u00f3n de equipos<\/p>\n<p><strong>Protecci\u00f3n de la seguridad del personal:<\/strong><\/p>\n<p>valla electr\u00f3nica, advertencia de seguridad<\/p>\n<p><strong>Inspecci\u00f3n de patrulla inteligente: <\/strong><\/p>\n<p>Intercomunicador de despacho, historial de seguimiento, seguimiento de peligros ocultos<\/p>\n<p><strong>Servicios de mapas: <\/strong><\/p>\n<p>mapa vectorial, ortofoto, mapa 3D<br \/>\n<a class=\"learn-more\">M\u00c1S INFORMACI\u00d3N<\/a><\/p>\n<\/div>\n<figure><img decoding=\"async\" src=\"\/wp-content\/themes\/hi-target\/images\/resources-img.jpg\" alt=\"\" \/><\/figure>\n<\/div>\n<\/div>\n<div class=\"banner-slide\">\n<div class=\"electricity-flex\">\n<div class=\"electricity-layout\">\n<h3>Electricidad2<\/h3>\n<h4>Protecci\u00f3n de la seguridad del personal<\/h4>\n<p><strong>Gesti\u00f3n de antecedentes: <\/strong><\/p>\n<p>gesti\u00f3n de personal, gesti\u00f3n de equipos<\/p>\n<p><strong>Protecci\u00f3n de la seguridad del personal:<\/strong><\/p>\n<p>valla electr\u00f3nica, advertencia de seguridad<\/p>\n<p><strong>Inspecci\u00f3n de patrulla inteligente: <\/strong><\/p>\n<p>Intercomunicador de despacho, historial de seguimiento, seguimiento de peligros ocultos<\/p>\n<p><strong>Servicios de mapas: <\/strong><\/p>\n<p>mapa vectorial, ortofoto, mapa 3D<br \/>\n<a class=\"learn-more\">M\u00c1S INFORMACI\u00d3N<\/a><\/p>\n<\/div>\n<figure><img decoding=\"async\" src=\"\/wp-content\/themes\/hi-target\/images\/industries-5.jpg\" alt=\"\" \/><\/figure>\n<\/div>\n<\/div>\n<div class=\"banner-slide\">\n<div class=\"electricity-flex\">\n<div class=\"electricity-layout\">\n<h3>Electricidad3<\/h3>\n<h4>Protecci\u00f3n de la seguridad del personal<\/h4>\n<p><strong>Gesti\u00f3n de antecedentes: <\/strong><\/p>\n<p>gesti\u00f3n de personal, gesti\u00f3n de equipos<\/p>\n<p><strong>Protecci\u00f3n de la seguridad del personal:<\/strong><\/p>\n<p>valla electr\u00f3nica, advertencia de seguridad<\/p>\n<p><strong>Inspecci\u00f3n de patrulla inteligente: <\/strong><\/p>\n<p>Intercomunicador de despacho, historial de seguimiento, seguimiento de peligros ocultos<\/p>\n<p><strong>Servicios de mapas: <\/strong><\/p>\n<p>mapa vectorial, ortofoto, mapa 3D<br \/>\n<a class=\"learn-more\">M\u00c1S INFORMACI\u00d3N<\/a><\/p>\n<\/div>\n<figure><img decoding=\"async\" src=\"\/wp-content\/themes\/hi-target\/images\/industries-5.jpg\" alt=\"\" \/><\/figure>\n<\/div>\n<\/div>\n<\/div>\n<\/div>\n<\/div>\n<div class=\"clear\"><\/div>\n<div class=\"case-study base-container\" data-aos=\"fade-up\">\n<div class=\"container\">\n<h3 class=\"case-study-h3\">Estudio de caso<\/h3>\n<div class=\"case-studyswiper\">\n<div class=\"slide-button alt\"><button class=\"sprev1\"><i class=\"fas fa-angle-left\"><\/i><\/button><br \/>\n<button class=\"snext1\"><i class=\"fas fa-angle-right\"><\/i><\/button><\/div>\n<div class=\"featured-slider-box\">\n<div class=\"case-slider\">\n<div class=\"featured-slide\">\n<div class=\"featured-item-box\">\n<a href=\"#\"><\/p>\n<div class=\"featured-photo\">\n<figure><img decoding=\"async\" src=\"\/wp-content\/themes\/hi-target\/images\/industries-6.jpg\" alt=\"\" \/><\/figure>\n<\/div>\n<div class=\"featured-info\">\n<p>\u00a1R\u00e1pido! \u00a1Firme! \u00a1Preciso!<br \/>\nvRTK est\u00e1 acelerando la carretera<br \/>\nConstrucci\u00f3n con vista en vivo<br \/>\nEstaca<\/p>\n<div class=\"learn-more\">M\u00c1S INFORMACI\u00d3N<\/div>\n<\/div>\n<p><\/a>\n<\/div>\n<\/div>\n<div class=\"featured-slide\">\n<div class=\"featured-item-box\">\n<a href=\"#\"><\/p>\n<div class=\"featured-photo\">\n<figure><img decoding=\"async\" src=\"\/wp-content\/themes\/hi-target\/images\/industries-7.jpg\" alt=\"\" \/><\/figure>\n<\/div>\n<div class=\"featured-info\">\n<p>Levantamiento topogr\u00e1fico \u2013 Nuevo bolsillo-<br \/>\nEl vRTK de tama\u00f1o perfecto<br \/>\nCombinaci\u00f3n de GNSS,<br \/>\nIMU avanzada<\/p>\n<div class=\"learn-more\">M\u00c1S INFORMACI\u00d3N<\/div>\n<\/div>\n<p><\/a>\n<\/div>\n<\/div>\n<div class=\"featured-slide\">\n<div class=\"featured-item-box\">\n<a href=\"#\"><\/p>\n<div class=\"featured-photo\">\n<figure><img decoding=\"async\" src=\"\/wp-content\/themes\/hi-target\/images\/industries-8.jpg\" alt=\"\" \/><\/figure>\n<\/div>\n<div class=\"featured-info\">\n<p>GNSS-AR combinado<br \/>\nLa tecnolog\u00eda beneficia a la<br \/>\nCampo de Topograf\u00eda y Cartograf\u00eda<br \/>\nTrabajo<\/p>\n<div class=\"learn-more\">M\u00c1S INFORMACI\u00d3N<\/div>\n<\/div>\n<p><\/a>\n<\/div>\n<\/div>\n<\/div>\n<\/div>\n<\/div>\n<\/div>\n<\/div>\n<div class=\"clear\"><\/div>\n<div class=\"related base-container\" data-aos=\"fade-up\">\n<div class=\"container\">\n<h3 class=\"case-study-h3\">Productos relacionados<\/h3>\n<div style=\"position:relative;\">\n<div class=\"slide-button alt\"><button class=\"sprev2\"><i class=\"fas fa-angle-left\"><\/i><\/button><br \/>\n<button class=\"snext2\"><i class=\"fas fa-angle-right\"><\/i><\/button><\/div>\n<div class=\"relatedSlider\">\n<div class=\"banner-slide\">\n<div class=\"related-flex\">\n<figure><img decoding=\"async\" src=\"\/wp-content\/themes\/hi-target\/images\/industries.png\" alt=\"\" \/><\/figure>\n<div class=\"related-intro\">\n<h4>Controlador port\u00e1til iHand30<\/h4>\n<p>Nuevo GNSS RTK l\u00edder en la industria<br \/>\nsoluci\u00f3n topogr\u00e1fica<\/p>\n<\/div>\n<\/div>\n<div class=\"related-layout\">\n<div class=\"related-flex\">\n<figure><img decoding=\"async\" src=\"\/wp-content\/themes\/hi-target\/images\/industries1.png\" alt=\"\" \/><\/figure>\n<div class=\"related-intro\">\n<h4>iRTK5 GNSS<br \/>\nSistema RTK<\/h4>\n<p>Nuevo GNSS RTK l\u00edder en la industria<br \/>\nsoluci\u00f3n topogr\u00e1fica<\/p>\n<\/div>\n<\/div>\n<div class=\"related-flex\">\n<figure><img decoding=\"async\" src=\"\/wp-content\/themes\/hi-target\/images\/industries2.png\" alt=\"\" \/><\/figure>\n<div class=\"related-intro\">\n<h4>V200 GNSS<br \/>\nSistema RTK<\/h4>\n<p>Nuevo GNSS RTK l\u00edder en la industria<br \/>\nsoluci\u00f3n topogr\u00e1fica<\/p>\n<\/div>\n<\/div>\n<\/div>\n<\/div>\n<div class=\"banner-slide\">\n<div class=\"related-flex\">\n<figure><img decoding=\"async\" src=\"\/wp-content\/themes\/hi-target\/images\/industries.png\" alt=\"\" \/><\/figure>\n<div class=\"related-intro\">\n<h4>Controlador port\u00e1til iHand30<\/h4>\n<p>Nuevo GNSS RTK l\u00edder en la industria<br \/>\nsoluci\u00f3n topogr\u00e1fica<\/p>\n<\/div>\n<\/div>\n<div class=\"related-layout\">\n<div class=\"related-flex\">\n<figure><img decoding=\"async\" src=\"\/wp-content\/themes\/hi-target\/images\/industries1.png\" alt=\"\" \/><\/figure>\n<div class=\"related-intro\">\n<h4>iRTK5 GNSS<br \/>\nSistema RTK<\/h4>\n<p>Nuevo GNSS RTK l\u00edder en la industria<br \/>\nsoluci\u00f3n topogr\u00e1fica<\/p>\n<\/div>\n<\/div>\n<div class=\"related-flex\">\n<figure><img decoding=\"async\" src=\"\/wp-content\/themes\/hi-target\/images\/industries2.png\" alt=\"\" \/><\/figure>\n<div class=\"related-intro\">\n<h4>V200 GNSS<br \/>\nSistema RTK<\/h4>\n<p>Nuevo GNSS RTK l\u00edder en la industria<br \/>\nsoluci\u00f3n topogr\u00e1fica<\/p>\n<\/div>\n<\/div>\n<\/div>\n<\/div>\n<div class=\"banner-slide\">\n<div class=\"related-flex\">\n<figure><img decoding=\"async\" src=\"\/wp-content\/themes\/hi-target\/images\/industries.png\" alt=\"\" \/><\/figure>\n<div class=\"related-intro\">\n<h4>Controlador port\u00e1til iHand30<\/h4>\n<p>Nuevo GNSS RTK l\u00edder en la industria<br \/>\nsoluci\u00f3n topogr\u00e1fica<\/p>\n<\/div>\n<\/div>\n<div class=\"related-layout\">\n<div class=\"related-flex\">\n<figure><img decoding=\"async\" src=\"\/wp-content\/themes\/hi-target\/images\/industries1.png\" alt=\"\" \/><\/figure>\n<div class=\"related-intro\">\n<h4>iRTK5 GNSS<br \/>\nSistema RTK<\/h4>\n<p>Nuevo GNSS RTK l\u00edder en la industria<br \/>\nsoluci\u00f3n topogr\u00e1fica<\/p>\n<\/div>\n<\/div>\n<div class=\"related-flex\">\n<figure><img decoding=\"async\" src=\"\/wp-content\/themes\/hi-target\/images\/industries2.png\" alt=\"\" \/><\/figure>\n<div class=\"related-intro\">\n<h4>V200 GNSS<br \/>\nSistema RTK<\/h4>\n<p>Nuevo GNSS RTK l\u00edder en la industria<br \/>\nsoluci\u00f3n topogr\u00e1fica<\/p>\n<\/div>\n<\/div>\n<\/div>\n<\/div>\n<\/div>\n<\/div>\n<\/div>\n<\/div>","protected":false},"excerpt":{"rendered":"<p>Protecci\u00f3n de seguridad del personal en el sector el\u00e9ctrico. Gesti\u00f3n de antecedentes: gesti\u00f3n de personal, gesti\u00f3n de equipos. Protecci\u00f3n de seguridad del personal: valla electr\u00f3nica, [\u2026]<\/p>","protected":false},"author":1,"featured_media":0,"parent":0,"menu_order":0,"comment_status":"closed","ping_status":"closed","template":"","meta":{"_links_to":"","_links_to_target":""},"yoast_head":"<!-- This site is optimized with the Yoast SEO plugin v19.8 - https:\/\/yoast.com\/wordpress\/plugins\/seo\/ -->\n<title>Industries-Detail | Global Satellite Positioning Solutions | SatLab Geosolutions AB<\/title>\n<meta name=\"robots\" content=\"index, follow, max-snippet:-1, max-image-preview:large, max-video-preview:-1\" \/>\n<link rel=\"canonical\" href=\"https:\/\/www.satlabgeo.com\/es\/industries-detail\/\" \/>\n<meta property=\"og:locale\" content=\"es_ES\" \/>\n<meta property=\"og:type\" content=\"article\" \/>\n<meta property=\"og:title\" content=\"Industries-Detail | Global Satellite Positioning Solutions | SatLab Geosolutions AB\" \/>\n<meta property=\"og:description\" content=\"Electricity Personnel safety protection Background management: personnel management, equipment management Personnel safety protection: electronic fence, [&hellip;]\" \/>\n<meta property=\"og:url\" content=\"https:\/\/www.satlabgeo.com\/es\/industries-detail\/\" \/>\n<meta property=\"og:site_name\" content=\"Global Satellite Positioning Solutions | SatLab Geosolutions AB\" \/>\n<meta property=\"article:modified_time\" content=\"2023-04-12T02:18:07+00:00\" \/>\n<meta name=\"twitter:card\" content=\"summary_large_image\" \/>\n<meta name=\"twitter:label1\" content=\"Tiempo de lectura\" \/>\n\t<meta name=\"twitter:data1\" content=\"1 minuto\" \/>\n<script type=\"application\/ld+json\" class=\"yoast-schema-graph\">{\"@context\":\"https:\/\/schema.org\",\"@graph\":[{\"@type\":\"WebPage\",\"@id\":\"https:\/\/www.satlabgeo.com\/industries-detail\/\",\"url\":\"https:\/\/www.satlabgeo.com\/industries-detail\/\",\"name\":\"Industries-Detail | Global Satellite Positioning Solutions | SatLab Geosolutions AB\",\"isPartOf\":{\"@id\":\"https:\/\/www.satlabgeo.com\/#website\"},\"datePublished\":\"2023-03-03T01:31:36+00:00\",\"dateModified\":\"2023-04-12T02:18:07+00:00\",\"breadcrumb\":{\"@id\":\"https:\/\/www.satlabgeo.com\/industries-detail\/#breadcrumb\"},\"inLanguage\":\"es\",\"potentialAction\":[{\"@type\":\"ReadAction\",\"target\":[\"https:\/\/www.satlabgeo.com\/industries-detail\/\"]}]},{\"@type\":\"BreadcrumbList\",\"@id\":\"https:\/\/www.satlabgeo.com\/industries-detail\/#breadcrumb\",\"itemListElement\":[{\"@type\":\"ListItem\",\"position\":1,\"name\":\"Home\",\"item\":\"https:\/\/www.satlabgeo.com\/\"},{\"@type\":\"ListItem\",\"position\":2,\"name\":\"Industries-Detail\"}]},{\"@type\":\"WebSite\",\"@id\":\"https:\/\/www.satlabgeo.com\/#website\",\"url\":\"https:\/\/www.satlabgeo.com\/\",\"name\":\"Global Satellite Positioning Solutions | SatLab Geosolutions AB\",\"description\":\"\",\"publisher\":{\"@id\":\"https:\/\/www.satlabgeo.com\/#organization\"},\"potentialAction\":[{\"@type\":\"SearchAction\",\"target\":{\"@type\":\"EntryPoint\",\"urlTemplate\":\"https:\/\/www.satlabgeo.com\/?s={search_term_string}\"},\"query-input\":\"required name=search_term_string\"}],\"inLanguage\":\"es\"},{\"@type\":\"Organization\",\"@id\":\"https:\/\/www.satlabgeo.com\/#organization\",\"name\":\"Global Satellite Positioning Solutions | SatLab Geosolutions AB\",\"url\":\"https:\/\/www.satlabgeo.com\/\",\"sameAs\":[],\"logo\":{\"@type\":\"ImageObject\",\"inLanguage\":\"es\",\"@id\":\"https:\/\/www.satlabgeo.com\/#\/schema\/logo\/image\/\",\"url\":\"https:\/\/www.satlabgeo.com\/wp-content\/uploads\/2025\/08\/satlab-logo.webp\",\"contentUrl\":\"https:\/\/www.satlabgeo.com\/wp-content\/uploads\/2025\/08\/satlab-logo.webp\",\"width\":191,\"height\":48,\"caption\":\"Global Satellite Positioning Solutions | SatLab Geosolutions AB\"},\"image\":{\"@id\":\"https:\/\/www.satlabgeo.com\/#\/schema\/logo\/image\/\"}}]}<\/script>\n<!-- \/ Yoast SEO plugin. -->","yoast_head_json":{"title":"Industries-Detail | Global Satellite Positioning Solutions | SatLab Geosolutions AB","robots":{"index":"index","follow":"follow","max-snippet":"max-snippet:-1","max-image-preview":"max-image-preview:large","max-video-preview":"max-video-preview:-1"},"canonical":"https:\/\/www.satlabgeo.com\/es\/industries-detail\/","og_locale":"es_ES","og_type":"article","og_title":"Industries-Detail | Global Satellite Positioning Solutions | SatLab Geosolutions AB","og_description":"Electricity Personnel safety protection Background management: personnel management, equipment management Personnel safety protection: electronic fence, [&hellip;]","og_url":"https:\/\/www.satlabgeo.com\/es\/industries-detail\/","og_site_name":"Global Satellite Positioning Solutions | SatLab Geosolutions AB","article_modified_time":"2023-04-12T02:18:07+00:00","twitter_card":"summary_large_image","twitter_misc":{"Tiempo de lectura":"1 minuto"},"schema":{"@context":"https:\/\/schema.org","@graph":[{"@type":"WebPage","@id":"https:\/\/www.satlabgeo.com\/industries-detail\/","url":"https:\/\/www.satlabgeo.com\/industries-detail\/","name":"Industries-Detail | Global Satellite Positioning Solutions | SatLab Geosolutions AB","isPartOf":{"@id":"https:\/\/www.satlabgeo.com\/#website"},"datePublished":"2023-03-03T01:31:36+00:00","dateModified":"2023-04-12T02:18:07+00:00","breadcrumb":{"@id":"https:\/\/www.satlabgeo.com\/industries-detail\/#breadcrumb"},"inLanguage":"es","potentialAction":[{"@type":"ReadAction","target":["https:\/\/www.satlabgeo.com\/industries-detail\/"]}]},{"@type":"BreadcrumbList","@id":"https:\/\/www.satlabgeo.com\/industries-detail\/#breadcrumb","itemListElement":[{"@type":"ListItem","position":1,"name":"Home","item":"https:\/\/www.satlabgeo.com\/"},{"@type":"ListItem","position":2,"name":"Industries-Detail"}]},{"@type":"WebSite","@id":"https:\/\/www.satlabgeo.com\/#website","url":"https:\/\/www.satlabgeo.com\/","name":"Global Satellite Positioning Solutions | SatLab Geosolutions AB","description":"","publisher":{"@id":"https:\/\/www.satlabgeo.com\/#organization"},"potentialAction":[{"@type":"SearchAction","target":{"@type":"EntryPoint","urlTemplate":"https:\/\/www.satlabgeo.com\/?s={search_term_string}"},"query-input":"required name=search_term_string"}],"inLanguage":"es"},{"@type":"Organization","@id":"https:\/\/www.satlabgeo.com\/#organization","name":"Global Satellite Positioning Solutions | SatLab Geosolutions AB","url":"https:\/\/www.satlabgeo.com\/","sameAs":[],"logo":{"@type":"ImageObject","inLanguage":"es","@id":"https:\/\/www.satlabgeo.com\/#\/schema\/logo\/image\/","url":"https:\/\/www.satlabgeo.com\/wp-content\/uploads\/2025\/08\/satlab-logo.webp","contentUrl":"https:\/\/www.satlabgeo.com\/wp-content\/uploads\/2025\/08\/satlab-logo.webp","width":191,"height":48,"caption":"Global Satellite Positioning Solutions | SatLab Geosolutions AB"},"image":{"@id":"https:\/\/www.satlabgeo.com\/#\/schema\/logo\/image\/"}}]}},"_links":{"self":[{"href":"https:\/\/www.satlabgeo.com\/es\/wp-json\/wp\/v2\/pages\/877"}],"collection":[{"href":"https:\/\/www.satlabgeo.com\/es\/wp-json\/wp\/v2\/pages"}],"about":[{"href":"https:\/\/www.satlabgeo.com\/es\/wp-json\/wp\/v2\/types\/page"}],"author":[{"embeddable":true,"href":"https:\/\/www.satlabgeo.com\/es\/wp-json\/wp\/v2\/users\/1"}],"replies":[{"embeddable":true,"href":"https:\/\/www.satlabgeo.com\/es\/wp-json\/wp\/v2\/comments?post=877"}],"version-history":[{"count":1,"href":"https:\/\/www.satlabgeo.com\/es\/wp-json\/wp\/v2\/pages\/877\/revisions"}],"predecessor-version":[{"id":878,"href":"https:\/\/www.satlabgeo.com\/es\/wp-json\/wp\/v2\/pages\/877\/revisions\/878"}],"wp:attachment":[{"href":"https:\/\/www.satlabgeo.com\/es\/wp-json\/wp\/v2\/media?parent=877"}],"curies":[{"name":"wp","href":"https:\/\/api.w.org\/{rel}","templated":true}]}}