{"id":871,"date":"2023-03-02T06:08:44","date_gmt":"2023-03-02T06:08:44","guid":{"rendered":"http:\/\/satlab.aiorange.cn\/?page_id=871"},"modified":"2023-11-20T07:37:33","modified_gmt":"2023-11-20T07:37:33","slug":"industries","status":"publish","type":"page","link":"https:\/\/www.satlabgeo.com\/es\/industries\/","title":{"rendered":"Industrias"},"content":{"rendered":"<div class=\"industries-flex\" data-aos=\"fade-up\">\n<p><img decoding=\"async\" src=\"https:\/\/www.satlabgeo.com\/wp-content\/uploads\/2023\/11\/Surveying-Engineering-1920x960-1.png\" alt=\"Industrias de topograf\u00eda, ingenier\u00eda y topograf\u00eda\" style=\"width: 100%;\" \/><\/p>\n<div class=\"industries-center\">\n<div class=\"industries-por\">\n<h3>Topograf\u00eda e ingenier\u00eda<\/h3>\n<p>Junto con el software profesional de an\u00e1lisis y procesamiento de datos, los productos de topograf\u00eda avanzados y las soluciones industriales de SatLab proporcionan mediciones precisas y posicionamiento de caracter\u00edsticas f\u00edsicas para ingenier\u00eda civil, agrimensura, levantamiento topogr\u00e1fico, levantamiento hidrogr\u00e1fico y levantamiento de minas.<\/p>\n<p><a href=\"https:\/\/www.satlabgeo.com\/es\/surveying-engineering\/\" class=\"learn-more\">M\u00c1S INFORMACI\u00d3N<\/a><\/p>\n<\/div>\n<\/div>\n<\/div>\n<div class=\"industries-flex\" data-aos=\"fade-up\">\n<p><img decoding=\"async\" src=\"https:\/\/www.satlabgeo.com\/wp-content\/uploads\/2023\/11\/Hydrography-Bathymetry-industries.png\" alt=\"Hidrograf\u00eda-Batimetr\u00eda-Industrias\" style=\"width: 100%;\" \/><\/p>\n<div class=\"industries-center\">\n<div class=\"industries-por\">\n<h3>Hidrograf\u00eda y batimetr\u00eda<\/h3>\n<p>Aprovechando los innovadores sistemas de posicionamiento ac\u00fastico submarino y las tecnolog\u00edas de sonar, los productos marinos de SatLab proporcionan datos de mayor resoluci\u00f3n para el c\u00e1lculo del volumen de arena, la medici\u00f3n del flujo de agua, la evaluaci\u00f3n de inundaciones, la navegaci\u00f3n segura y los posibles desarrollos de proyectos submarinos en t\u00e9rminos de precisi\u00f3n y confiabilidad, y adem\u00e1s hacen contribuciones en la gesti\u00f3n de los recursos h\u00eddricos, la restauraci\u00f3n ecol\u00f3gica del agua y la protecci\u00f3n del medio ambiente acu\u00e1tico.<\/p>\n<p><a href=\"https:\/\/www.satlabgeo.com\/es\/hydrography-bathymetry\/\" class=\"learn-more\">M\u00c1S INFORMACI\u00d3N<\/a><\/p>\n<\/div>\n<\/div>\n<\/div>\n<div class=\"industries-flex\" data-aos=\"fade-up\">\n<p><img decoding=\"async\" src=\"https:\/\/www.satlabgeo.com\/wp-content\/uploads\/2023\/11\/Electricity-industies.png\" alt=\"Industrias el\u00e9ctricas\" style=\"width: 100%;\" \/><\/p>\n<div class=\"industries-center\">\n<div class=\"industries-por\">\n<h3>Electricidad<\/h3>\n<p>Al integrar tecnolog\u00edas GNSS, computaci\u00f3n en la nube, big data y LiDAR, SatLab ayuda a lograr una sincronizaci\u00f3n temporal de alta precisi\u00f3n y garantizar la estabilidad de la red para sistemas de infraestructura de red inteligente, eliminando las posibilidades de riesgos de seguridad y control de energ\u00eda inestable en control remoto, monitoreo, recopilaci\u00f3n de datos y otras operaciones de campo.<\/p>\n<p><a href=\"https:\/\/www.satlabgeo.com\/es\/electricity\/\" class=\"learn-more\">M\u00c1S INFORMACI\u00d3N<\/a><\/p>\n<\/div>\n<\/div>\n<\/div>","protected":false},"excerpt":{"rendered":"<p>Topograf\u00eda e ingenier\u00eda Junto con el software profesional de an\u00e1lisis y procesamiento de datos, los productos de topograf\u00eda avanzados de SatLab [\u2026]<\/p>","protected":false},"author":1,"featured_media":0,"parent":0,"menu_order":0,"comment_status":"closed","ping_status":"closed","template":"","meta":{"_links_to":"","_links_to_target":""},"yoast_head":"<!-- This site is optimized with the Yoast SEO plugin v19.8 - https:\/\/yoast.com\/wordpress\/plugins\/seo\/ -->\n<title>Industries | Global Satellite Positioning Solutions | SatLab Geosolutions AB<\/title>\n<meta name=\"description\" content=\"3D laser scanner_power_mining_agricultural machinery_underwater terrain survey and other surveying and mapping industry applications-SatLab\" \/>\n<meta name=\"robots\" content=\"index, follow, max-snippet:-1, max-image-preview:large, max-video-preview:-1\" \/>\n<link rel=\"canonical\" href=\"https:\/\/www.satlabgeo.com\/es\/industries\/\" \/>\n<meta property=\"og:locale\" content=\"es_ES\" \/>\n<meta property=\"og:type\" content=\"article\" \/>\n<meta property=\"og:title\" content=\"Industries | Global Satellite Positioning Solutions | SatLab Geosolutions AB\" \/>\n<meta property=\"og:description\" content=\"3D laser scanner_power_mining_agricultural machinery_underwater terrain survey and other surveying and mapping industry applications-SatLab\" \/>\n<meta property=\"og:url\" content=\"https:\/\/www.satlabgeo.com\/es\/industries\/\" \/>\n<meta property=\"og:site_name\" content=\"Global Satellite Positioning Solutions | SatLab Geosolutions AB\" \/>\n<meta property=\"article:modified_time\" content=\"2023-11-20T07:37:33+00:00\" \/>\n<meta property=\"og:image\" content=\"https:\/\/www.satlabgeo.com\/wp-content\/uploads\/2023\/11\/Surveying-Engineering-1920x960-1.png\" \/>\n<meta name=\"twitter:card\" content=\"summary_large_image\" \/>\n<meta name=\"twitter:label1\" content=\"Tiempo de lectura\" \/>\n\t<meta name=\"twitter:data1\" content=\"2 minutos\" \/>\n<script type=\"application\/ld+json\" class=\"yoast-schema-graph\">{\"@context\":\"https:\/\/schema.org\",\"@graph\":[{\"@type\":\"WebPage\",\"@id\":\"https:\/\/www.satlabgeo.com\/industries\/\",\"url\":\"https:\/\/www.satlabgeo.com\/industries\/\",\"name\":\"Industries | Global Satellite Positioning Solutions | SatLab Geosolutions AB\",\"isPartOf\":{\"@id\":\"https:\/\/www.satlabgeo.com\/#website\"},\"datePublished\":\"2023-03-02T06:08:44+00:00\",\"dateModified\":\"2023-11-20T07:37:33+00:00\",\"description\":\"3D laser scanner_power_mining_agricultural machinery_underwater terrain survey and other surveying and mapping industry applications-SatLab\",\"breadcrumb\":{\"@id\":\"https:\/\/www.satlabgeo.com\/industries\/#breadcrumb\"},\"inLanguage\":\"es\",\"potentialAction\":[{\"@type\":\"ReadAction\",\"target\":[\"https:\/\/www.satlabgeo.com\/industries\/\"]}]},{\"@type\":\"BreadcrumbList\",\"@id\":\"https:\/\/www.satlabgeo.com\/industries\/#breadcrumb\",\"itemListElement\":[{\"@type\":\"ListItem\",\"position\":1,\"name\":\"Home\",\"item\":\"https:\/\/www.satlabgeo.com\/\"},{\"@type\":\"ListItem\",\"position\":2,\"name\":\"Industries\"}]},{\"@type\":\"WebSite\",\"@id\":\"https:\/\/www.satlabgeo.com\/#website\",\"url\":\"https:\/\/www.satlabgeo.com\/\",\"name\":\"Global Satellite Positioning Solutions | SatLab Geosolutions AB\",\"description\":\"\",\"publisher\":{\"@id\":\"https:\/\/www.satlabgeo.com\/#organization\"},\"potentialAction\":[{\"@type\":\"SearchAction\",\"target\":{\"@type\":\"EntryPoint\",\"urlTemplate\":\"https:\/\/www.satlabgeo.com\/?s={search_term_string}\"},\"query-input\":\"required name=search_term_string\"}],\"inLanguage\":\"es\"},{\"@type\":\"Organization\",\"@id\":\"https:\/\/www.satlabgeo.com\/#organization\",\"name\":\"Global Satellite Positioning Solutions | SatLab Geosolutions AB\",\"url\":\"https:\/\/www.satlabgeo.com\/\",\"sameAs\":[],\"logo\":{\"@type\":\"ImageObject\",\"inLanguage\":\"es\",\"@id\":\"https:\/\/www.satlabgeo.com\/#\/schema\/logo\/image\/\",\"url\":\"https:\/\/www.satlabgeo.com\/wp-content\/uploads\/2025\/08\/satlab-logo.webp\",\"contentUrl\":\"https:\/\/www.satlabgeo.com\/wp-content\/uploads\/2025\/08\/satlab-logo.webp\",\"width\":191,\"height\":48,\"caption\":\"Global Satellite Positioning Solutions | SatLab Geosolutions AB\"},\"image\":{\"@id\":\"https:\/\/www.satlabgeo.com\/#\/schema\/logo\/image\/\"}}]}<\/script>\n<!-- \/ Yoast SEO plugin. -->","yoast_head_json":{"title":"Industries | Global Satellite Positioning Solutions | SatLab Geosolutions AB","description":"3D laser scanner_power_mining_agricultural machinery_underwater terrain survey and other surveying and mapping industry applications-SatLab","robots":{"index":"index","follow":"follow","max-snippet":"max-snippet:-1","max-image-preview":"max-image-preview:large","max-video-preview":"max-video-preview:-1"},"canonical":"https:\/\/www.satlabgeo.com\/es\/industries\/","og_locale":"es_ES","og_type":"article","og_title":"Industries | Global Satellite Positioning Solutions | SatLab Geosolutions AB","og_description":"3D laser scanner_power_mining_agricultural machinery_underwater terrain survey and other surveying and mapping industry applications-SatLab","og_url":"https:\/\/www.satlabgeo.com\/es\/industries\/","og_site_name":"Global Satellite Positioning Solutions | SatLab Geosolutions AB","article_modified_time":"2023-11-20T07:37:33+00:00","og_image":[{"url":"https:\/\/www.satlabgeo.com\/wp-content\/uploads\/2023\/11\/Surveying-Engineering-1920x960-1.png"}],"twitter_card":"summary_large_image","twitter_misc":{"Tiempo de lectura":"2 minutos"},"schema":{"@context":"https:\/\/schema.org","@graph":[{"@type":"WebPage","@id":"https:\/\/www.satlabgeo.com\/industries\/","url":"https:\/\/www.satlabgeo.com\/industries\/","name":"Industries | Global Satellite Positioning Solutions | SatLab Geosolutions AB","isPartOf":{"@id":"https:\/\/www.satlabgeo.com\/#website"},"datePublished":"2023-03-02T06:08:44+00:00","dateModified":"2023-11-20T07:37:33+00:00","description":"3D laser scanner_power_mining_agricultural machinery_underwater terrain survey and other surveying and mapping industry applications-SatLab","breadcrumb":{"@id":"https:\/\/www.satlabgeo.com\/industries\/#breadcrumb"},"inLanguage":"es","potentialAction":[{"@type":"ReadAction","target":["https:\/\/www.satlabgeo.com\/industries\/"]}]},{"@type":"BreadcrumbList","@id":"https:\/\/www.satlabgeo.com\/industries\/#breadcrumb","itemListElement":[{"@type":"ListItem","position":1,"name":"Home","item":"https:\/\/www.satlabgeo.com\/"},{"@type":"ListItem","position":2,"name":"Industries"}]},{"@type":"WebSite","@id":"https:\/\/www.satlabgeo.com\/#website","url":"https:\/\/www.satlabgeo.com\/","name":"Global Satellite Positioning Solutions | SatLab Geosolutions AB","description":"","publisher":{"@id":"https:\/\/www.satlabgeo.com\/#organization"},"potentialAction":[{"@type":"SearchAction","target":{"@type":"EntryPoint","urlTemplate":"https:\/\/www.satlabgeo.com\/?s={search_term_string}"},"query-input":"required name=search_term_string"}],"inLanguage":"es"},{"@type":"Organization","@id":"https:\/\/www.satlabgeo.com\/#organization","name":"Global Satellite Positioning Solutions | SatLab Geosolutions AB","url":"https:\/\/www.satlabgeo.com\/","sameAs":[],"logo":{"@type":"ImageObject","inLanguage":"es","@id":"https:\/\/www.satlabgeo.com\/#\/schema\/logo\/image\/","url":"https:\/\/www.satlabgeo.com\/wp-content\/uploads\/2025\/08\/satlab-logo.webp","contentUrl":"https:\/\/www.satlabgeo.com\/wp-content\/uploads\/2025\/08\/satlab-logo.webp","width":191,"height":48,"caption":"Global Satellite Positioning Solutions | SatLab Geosolutions AB"},"image":{"@id":"https:\/\/www.satlabgeo.com\/#\/schema\/logo\/image\/"}}]}},"_links":{"self":[{"href":"https:\/\/www.satlabgeo.com\/es\/wp-json\/wp\/v2\/pages\/871"}],"collection":[{"href":"https:\/\/www.satlabgeo.com\/es\/wp-json\/wp\/v2\/pages"}],"about":[{"href":"https:\/\/www.satlabgeo.com\/es\/wp-json\/wp\/v2\/types\/page"}],"author":[{"embeddable":true,"href":"https:\/\/www.satlabgeo.com\/es\/wp-json\/wp\/v2\/users\/1"}],"replies":[{"embeddable":true,"href":"https:\/\/www.satlabgeo.com\/es\/wp-json\/wp\/v2\/comments?post=871"}],"version-history":[{"count":1,"href":"https:\/\/www.satlabgeo.com\/es\/wp-json\/wp\/v2\/pages\/871\/revisions"}],"predecessor-version":[{"id":873,"href":"https:\/\/www.satlabgeo.com\/es\/wp-json\/wp\/v2\/pages\/871\/revisions\/873"}],"wp:attachment":[{"href":"https:\/\/www.satlabgeo.com\/es\/wp-json\/wp\/v2\/media?parent=871"}],"curies":[{"name":"wp","href":"https:\/\/api.w.org\/{rel}","templated":true}]}}