{"id":2,"date":"2022-01-27T07:25:22","date_gmt":"2022-01-27T07:25:22","guid":{"rendered":"https:\/\/www.satlabgeo.com\/?page_id=2"},"modified":"2025-06-13T05:56:54","modified_gmt":"2025-06-13T05:56:54","slug":"about-us","status":"publish","type":"page","link":"https:\/\/www.satlabgeo.com\/es\/about-us\/","title":{"rendered":"Sobre nosotros"},"content":{"rendered":"<h4 style=\"text-align: left;\"><strong>Acerca de SatLab<\/strong><\/h4>\n<p>SatLab, proveedor global de soluciones de posicionamiento de alta precisi\u00f3n con sede en Suecia, opera a trav\u00e9s de 11 centros internacionales y una red de m\u00e1s de 100 concesionarios de renombre en todo el mundo. Esta infraestructura permite la prestaci\u00f3n de servicios puntuales las 24 horas del d\u00eda, los 7 d\u00edas de la semana, en todas las zonas horarias.<\/p>\n<p>Al aprovechar innovaciones avanzadas en tecnolog\u00edas GNSS, \u00f3pticas, LiDAR y sonar, complementadas con software patentado de an\u00e1lisis y procesamiento de datos, empoderamos a clientes en los sectores de ingenier\u00eda civil, construcci\u00f3n, miner\u00eda, silvicultura, agricultura, hidrolog\u00eda y marino.<\/p>\n<p>Gracias a una inversi\u00f3n sostenida en I+D, SatLab mejora la productividad operativa y prioriza la satisfacci\u00f3n del usuario. Nuestro compromiso se extiende a facilitar la expansi\u00f3n horizontal y la especializaci\u00f3n vertical de nuestros clientes, abriendo nuevas dimensiones de movilidad operativa.<\/p>\n<h4><\/h4>\n<h4 style=\"text-align: left;\"><strong>Ingenier\u00eda y tecnolog\u00eda sueca<\/strong><\/h4>\n<p>En el mundo geoespacial, los profesionales de la topograf\u00eda dependen de mediciones precisas y precisas para construir el mundo en el que vivimos. En SatLab, nos enorgullecemos de crear soluciones con ingenier\u00eda y tecnolog\u00eda suecas. Nos aseguramos de que todos nuestros productos cumplan con nuestros rigurosos controles de calidad, ofreciendo la innovaci\u00f3n sueca desde el momento en que los pone en marcha para su trabajo: tecnolog\u00eda confiable, dise\u00f1ada y fabricada en Suecia.<\/span><\/p>\n<h4><\/h4>\n<h4 style=\"text-align: left;\"><strong>Desbloquea tu movilidad<\/strong><\/h4>\n<p>En el cambiante mundo actual de tecnolog\u00edas emergentes, es crucial aprovechar las herramientas necesarias para mantenerse al d\u00eda con las tendencias que impactan el panorama geoespacial. Nuestro compromiso con la innovaci\u00f3n y la integraci\u00f3n tecnol\u00f3gica est\u00e1 dise\u00f1ado para ayudar a nuestros socios y clientes a lograr una alta movilidad, tanto horizontal como vertical, lo que les permite impulsar el crecimiento de sus negocios.<\/p>\n<h5><\/h5>\n<h5><\/h5>\n<h4 style=\"text-align: left;\"><strong>NUESTROS SOCIOS ESTRAT\u00c9GICOS<\/strong><\/h4>\n<p>&nbsp;<\/p>\n<div>\n<table style=\"border-collapse: collapse;\">\n<tbody>\n<tr class=\"firstRow\">\n<td style=\"border-width: 0px; border-style: solid; border-image: initial;\" valign=\"top\" width=\"368\"><a href=\"https:\/\/www.esri.com\/en-us\/home\"><img decoding=\"async\" src=\"https:\/\/www.satlabgeo.com\/wp-content\/uploads\/2023\/12\/ESRI.png\" alt=\"\" class=\"alignnone size-full wp-image-493\" \/><\/a><\/td>\n<td style=\"border-width: 0px; border-style: solid; border-image: initial;\" valign=\"top\" width=\"368\"><a href=\"https:\/\/www.geo-plus.com\/\"><img decoding=\"async\" loading=\"lazy\" width=\"300\" height=\"85\" src=\"https:\/\/www.satlabgeo.com\/wp-content\/uploads\/2022\/04\/Geo-Plus-300x85-1.png\" alt=\"\" class=\"alignnone size-full wp-image-492\" \/><\/a><\/td>\n<td style=\"border-width: 0px; border-style: solid; border-image: initial;\" valign=\"top\" width=\"369\"><a href=\"https:\/\/www.aplitop.com\/\"><img decoding=\"async\" loading=\"lazy\" width=\"300\" height=\"85\" src=\"https:\/\/www.satlabgeo.com\/wp-content\/uploads\/2022\/04\/Aplitop-1-300x85-1.png\" alt=\"\" class=\"alignnone size-full wp-image-491\" \/><\/a><\/td>\n<td style=\"border-width: 0px; border-style: solid; border-image: initial;\" valign=\"top\" width=\"369\"><a href=\"https:\/\/us.yuneec.com\/\"><img decoding=\"async\" loading=\"lazy\" width=\"300\" height=\"85\" src=\"https:\/\/www.satlabgeo.com\/wp-content\/uploads\/2022\/04\/Yuneec-300x85-1.png\" alt=\"\" class=\"alignnone size-full wp-image-494\" \/><\/a><\/td>\n<\/tr>\n<\/tbody>\n<\/table>\n<\/div>","protected":false},"excerpt":{"rendered":"<p>Acerca de SatLab SatLab, un proveedor global con sede en Suecia de soluciones de posicionamiento de alta precisi\u00f3n, opera a trav\u00e9s de 11 [\u2026]<\/p>","protected":false},"author":1,"featured_media":0,"parent":0,"menu_order":0,"comment_status":"closed","ping_status":"open","template":"","meta":{"_links_to":"","_links_to_target":""},"yoast_head":"<!-- This site is optimized with the Yoast SEO plugin v19.8 - https:\/\/yoast.com\/wordpress\/plugins\/seo\/ -->\n<title>About Us | Global Satellite Positioning Solutions | SatLab Geosolutions AB<\/title>\n<meta name=\"robots\" content=\"index, follow, max-snippet:-1, max-image-preview:large, max-video-preview:-1\" \/>\n<link rel=\"canonical\" href=\"https:\/\/www.satlabgeo.com\/es\/about-us\/\" \/>\n<meta property=\"og:locale\" content=\"es_ES\" \/>\n<meta property=\"og:type\" content=\"article\" \/>\n<meta property=\"og:title\" content=\"About Us | Global Satellite Positioning Solutions | SatLab Geosolutions AB\" \/>\n<meta property=\"og:description\" content=\"About SatLab SatLab, a Sweden-based global provider of high-precision positioning solutions, operates through 11 international [&hellip;]\" \/>\n<meta property=\"og:url\" content=\"https:\/\/www.satlabgeo.com\/es\/about-us\/\" \/>\n<meta property=\"og:site_name\" content=\"Global Satellite Positioning Solutions | SatLab Geosolutions AB\" \/>\n<meta property=\"article:modified_time\" content=\"2025-06-13T05:56:54+00:00\" \/>\n<meta property=\"og:image\" content=\"https:\/\/www.satlabgeo.com\/wp-content\/uploads\/2023\/12\/ESRI.png\" \/>\n<meta name=\"twitter:card\" content=\"summary_large_image\" \/>\n<meta name=\"twitter:label1\" content=\"Tiempo de lectura\" \/>\n\t<meta name=\"twitter:data1\" content=\"2 minutos\" \/>\n<script type=\"application\/ld+json\" class=\"yoast-schema-graph\">{\"@context\":\"https:\/\/schema.org\",\"@graph\":[{\"@type\":\"WebPage\",\"@id\":\"https:\/\/www.satlabgeo.com\/about-us\/\",\"url\":\"https:\/\/www.satlabgeo.com\/about-us\/\",\"name\":\"About Us | Global Satellite Positioning Solutions | SatLab Geosolutions AB\",\"isPartOf\":{\"@id\":\"https:\/\/www.satlabgeo.com\/#website\"},\"datePublished\":\"2022-01-27T07:25:22+00:00\",\"dateModified\":\"2025-06-13T05:56:54+00:00\",\"breadcrumb\":{\"@id\":\"https:\/\/www.satlabgeo.com\/about-us\/#breadcrumb\"},\"inLanguage\":\"es\",\"potentialAction\":[{\"@type\":\"ReadAction\",\"target\":[\"https:\/\/www.satlabgeo.com\/about-us\/\"]}]},{\"@type\":\"BreadcrumbList\",\"@id\":\"https:\/\/www.satlabgeo.com\/about-us\/#breadcrumb\",\"itemListElement\":[{\"@type\":\"ListItem\",\"position\":1,\"name\":\"Home\",\"item\":\"https:\/\/www.satlabgeo.com\/\"},{\"@type\":\"ListItem\",\"position\":2,\"name\":\"About Us\"}]},{\"@type\":\"WebSite\",\"@id\":\"https:\/\/www.satlabgeo.com\/#website\",\"url\":\"https:\/\/www.satlabgeo.com\/\",\"name\":\"Global Satellite Positioning Solutions | SatLab Geosolutions AB\",\"description\":\"\",\"publisher\":{\"@id\":\"https:\/\/www.satlabgeo.com\/#organization\"},\"potentialAction\":[{\"@type\":\"SearchAction\",\"target\":{\"@type\":\"EntryPoint\",\"urlTemplate\":\"https:\/\/www.satlabgeo.com\/?s={search_term_string}\"},\"query-input\":\"required name=search_term_string\"}],\"inLanguage\":\"es\"},{\"@type\":\"Organization\",\"@id\":\"https:\/\/www.satlabgeo.com\/#organization\",\"name\":\"Global Satellite Positioning Solutions | SatLab Geosolutions AB\",\"url\":\"https:\/\/www.satlabgeo.com\/\",\"sameAs\":[],\"logo\":{\"@type\":\"ImageObject\",\"inLanguage\":\"es\",\"@id\":\"https:\/\/www.satlabgeo.com\/#\/schema\/logo\/image\/\",\"url\":\"https:\/\/www.satlabgeo.com\/wp-content\/uploads\/2025\/08\/satlab-logo.webp\",\"contentUrl\":\"https:\/\/www.satlabgeo.com\/wp-content\/uploads\/2025\/08\/satlab-logo.webp\",\"width\":191,\"height\":48,\"caption\":\"Global Satellite Positioning Solutions | SatLab Geosolutions AB\"},\"image\":{\"@id\":\"https:\/\/www.satlabgeo.com\/#\/schema\/logo\/image\/\"}}]}<\/script>\n<!-- \/ Yoast SEO plugin. -->","yoast_head_json":{"title":"About Us | Global Satellite Positioning Solutions | SatLab Geosolutions AB","robots":{"index":"index","follow":"follow","max-snippet":"max-snippet:-1","max-image-preview":"max-image-preview:large","max-video-preview":"max-video-preview:-1"},"canonical":"https:\/\/www.satlabgeo.com\/es\/about-us\/","og_locale":"es_ES","og_type":"article","og_title":"About Us | Global Satellite Positioning Solutions | SatLab Geosolutions AB","og_description":"About SatLab SatLab, a Sweden-based global provider of high-precision positioning solutions, operates through 11 international [&hellip;]","og_url":"https:\/\/www.satlabgeo.com\/es\/about-us\/","og_site_name":"Global Satellite Positioning Solutions | SatLab Geosolutions AB","article_modified_time":"2025-06-13T05:56:54+00:00","og_image":[{"url":"https:\/\/www.satlabgeo.com\/wp-content\/uploads\/2023\/12\/ESRI.png"}],"twitter_card":"summary_large_image","twitter_misc":{"Tiempo de lectura":"2 minutos"},"schema":{"@context":"https:\/\/schema.org","@graph":[{"@type":"WebPage","@id":"https:\/\/www.satlabgeo.com\/about-us\/","url":"https:\/\/www.satlabgeo.com\/about-us\/","name":"About Us | Global Satellite Positioning Solutions | SatLab Geosolutions AB","isPartOf":{"@id":"https:\/\/www.satlabgeo.com\/#website"},"datePublished":"2022-01-27T07:25:22+00:00","dateModified":"2025-06-13T05:56:54+00:00","breadcrumb":{"@id":"https:\/\/www.satlabgeo.com\/about-us\/#breadcrumb"},"inLanguage":"es","potentialAction":[{"@type":"ReadAction","target":["https:\/\/www.satlabgeo.com\/about-us\/"]}]},{"@type":"BreadcrumbList","@id":"https:\/\/www.satlabgeo.com\/about-us\/#breadcrumb","itemListElement":[{"@type":"ListItem","position":1,"name":"Home","item":"https:\/\/www.satlabgeo.com\/"},{"@type":"ListItem","position":2,"name":"About Us"}]},{"@type":"WebSite","@id":"https:\/\/www.satlabgeo.com\/#website","url":"https:\/\/www.satlabgeo.com\/","name":"Global Satellite Positioning Solutions | SatLab Geosolutions AB","description":"","publisher":{"@id":"https:\/\/www.satlabgeo.com\/#organization"},"potentialAction":[{"@type":"SearchAction","target":{"@type":"EntryPoint","urlTemplate":"https:\/\/www.satlabgeo.com\/?s={search_term_string}"},"query-input":"required name=search_term_string"}],"inLanguage":"es"},{"@type":"Organization","@id":"https:\/\/www.satlabgeo.com\/#organization","name":"Global Satellite Positioning Solutions | SatLab Geosolutions AB","url":"https:\/\/www.satlabgeo.com\/","sameAs":[],"logo":{"@type":"ImageObject","inLanguage":"es","@id":"https:\/\/www.satlabgeo.com\/#\/schema\/logo\/image\/","url":"https:\/\/www.satlabgeo.com\/wp-content\/uploads\/2025\/08\/satlab-logo.webp","contentUrl":"https:\/\/www.satlabgeo.com\/wp-content\/uploads\/2025\/08\/satlab-logo.webp","width":191,"height":48,"caption":"Global Satellite Positioning Solutions | SatLab Geosolutions AB"},"image":{"@id":"https:\/\/www.satlabgeo.com\/#\/schema\/logo\/image\/"}}]}},"_links":{"self":[{"href":"https:\/\/www.satlabgeo.com\/es\/wp-json\/wp\/v2\/pages\/2"}],"collection":[{"href":"https:\/\/www.satlabgeo.com\/es\/wp-json\/wp\/v2\/pages"}],"about":[{"href":"https:\/\/www.satlabgeo.com\/es\/wp-json\/wp\/v2\/types\/page"}],"author":[{"embeddable":true,"href":"https:\/\/www.satlabgeo.com\/es\/wp-json\/wp\/v2\/users\/1"}],"replies":[{"embeddable":true,"href":"https:\/\/www.satlabgeo.com\/es\/wp-json\/wp\/v2\/comments?post=2"}],"version-history":[{"count":4,"href":"https:\/\/www.satlabgeo.com\/es\/wp-json\/wp\/v2\/pages\/2\/revisions"}],"predecessor-version":[{"id":2611,"href":"https:\/\/www.satlabgeo.com\/es\/wp-json\/wp\/v2\/pages\/2\/revisions\/2611"}],"wp:attachment":[{"href":"https:\/\/www.satlabgeo.com\/es\/wp-json\/wp\/v2\/media?parent=2"}],"curies":[{"name":"wp","href":"https:\/\/api.w.org\/{rel}","templated":true}]}}