{"id":1008,"date":"2023-06-29T06:42:29","date_gmt":"2023-06-29T06:42:29","guid":{"rendered":"https:\/\/www.satlabgeo.com\/?page_id=1008"},"modified":"2023-06-30T08:38:12","modified_gmt":"2023-06-30T08:38:12","slug":"become-our-partner","status":"publish","type":"page","link":"https:\/\/www.satlabgeo.com\/es\/become-our-partner\/","title":{"rendered":"Convi\u00e9rtete en nuestro socio"},"content":{"rendered":"<div class=\"wp-block-contact-form-7-contact-form-selector\"><div role=\"form\" class=\"wpcf7\" id=\"wpcf7-f1009-o1\" lang=\"en-US\" dir=\"ltr\">\n<div class=\"screen-reader-response\"><p role=\"status\" aria-live=\"polite\" aria-atomic=\"true\"><\/p> <ul><\/ul><\/div>\n<form action=\"\/es\/wp-json\/wp\/v2\/pages\/1008#wpcf7-f1009-o1\" method=\"post\" class=\"wpcf7-form init\" novalidate=\"novalidate\" data-status=\"init\" data-trp-original-action=\"\/es\/wp-json\/wp\/v2\/pages\/1008#wpcf7-f1009-o1\">\n<div style=\"display: none;\">\n<input type=\"hidden\" name=\"_wpcf7\" value=\"1009\" \/>\n<input type=\"hidden\" name=\"_wpcf7_version\" value=\"5.6.3\" \/>\n<input type=\"hidden\" name=\"_wpcf7_locale\" value=\"en_US\" \/>\n<input type=\"hidden\" name=\"_wpcf7_unit_tag\" value=\"wpcf7-f1009-o1\" \/>\n<input type=\"hidden\" name=\"_wpcf7_container_post\" value=\"0\" \/>\n<input type=\"hidden\" name=\"_wpcf7_posted_data_hash\" value=\"\" \/>\n<input type=\"hidden\" name=\"_wpcf7cf_hidden_group_fields\" value=\"[]\" \/>\n<input type=\"hidden\" name=\"_wpcf7cf_hidden_groups\" value=\"[]\" \/>\n<input type=\"hidden\" name=\"_wpcf7cf_visible_groups\" value=\"[]\" \/>\n<input type=\"hidden\" name=\"_wpcf7cf_repeaters\" value=\"[]\" \/>\n<input type=\"hidden\" name=\"_wpcf7cf_steps\" value=\"{}\" \/>\n<input type=\"hidden\" name=\"_wpcf7cf_options\" value=\"{&quot;form_id&quot;:1009,&quot;conditions&quot;:[],&quot;settings&quot;:{&quot;animation&quot;:&quot;yes&quot;,&quot;animation_intime&quot;:200,&quot;animation_outtime&quot;:200,&quot;conditions_ui&quot;:&quot;normal&quot;,&quot;notice_dismissed&quot;:false}}\" \/>\n<input type=\"hidden\" name=\"_wpcf7_recaptcha_response\" value=\"\" \/>\n<\/div>\n<div class=\"pageTitle\">\n<h2>Formulario para convertirse en nuestro socio<\/h2>\n<\/div>\n<div class=\"row\">\n    <div class=\"col-lg-12\">\n        <div class=\"form-group\">\n            <label>Nombre completo: <strong>*<\/strong><\/label>\n            <span class=\"wpcf7-form-control-wrap\" data-name=\"full-name\"><input type=\"text\" name=\"full-name\" value=\"\" size=\"40\" class=\"wpcf7-form-control wpcf7-text wpcf7-validates-as-required form-control\" aria-required=\"true\" aria-invalid=\"false\" placeholder=\"Nombre completo\" \/><\/span>\n        <\/div>\n    <\/div>\n    <div class=\"col-lg-6\">\n        <div class=\"form-group\">\n            <label>N\u00famero de contacto: <strong>*<\/strong><\/label>\n            <span class=\"wpcf7-form-control-wrap\" data-name=\"contact-number\"><input type=\"number\" name=\"contact-number\" value=\"\" class=\"wpcf7-form-control wpcf7-number wpcf7-validates-as-number form-control\" aria-invalid=\"false\" placeholder=\"Introduzca aqu\u00ed su n\u00famero de contacto\u2026\" \/><\/span>\n        <\/div>\n    <\/div>\n    <div class=\"col-lg-6\">\n        <div class=\"form-group\">\n            <label>Direcci\u00f3n de correo electr\u00f3nico: <strong>*<\/strong><\/label>\n            <span class=\"wpcf7-form-control-wrap\" data-name=\"email-address\"><input type=\"email\" name=\"email-address\" value=\"\" size=\"40\" class=\"wpcf7-form-control wpcf7-text wpcf7-email wpcf7-validates-as-required wpcf7-validates-as-email form-control\" aria-required=\"true\" aria-invalid=\"false\" placeholder=\"Introduzca su direcci\u00f3n de correo electr\u00f3nico aqu\u00ed\u2026\" \/><\/span>\n        <\/div>\n    <\/div>\n    <div class=\"col-lg-6\">\n        <div class=\"form-group\">\n            <label>Compa\u00f1\u00eda: <strong>*<\/strong><\/label>\n            <span class=\"wpcf7-form-control-wrap\" data-name=\"company-name\"><input type=\"text\" name=\"company-name\" value=\"\" size=\"40\" class=\"wpcf7-form-control wpcf7-text wpcf7-validates-as-required form-control\" aria-required=\"true\" aria-invalid=\"false\" placeholder=\"Introduzca su empresa aqu\u00ed\u2026\" \/><\/span>\n        <\/div>\n    <\/div>\n    <div class=\"col-lg-6\">\n        <div class=\"form-group select-box\">\n            <label>Pa\u00eds\/Regi\u00f3n: <strong>*<\/strong><\/label>\n            <span class=\"wpcf7-form-control-wrap\" data-name=\"country-name\"><select name=\"country-name\" class=\"wpcf7-form-control wpcf7-select form-control\" aria-invalid=\"false\"><option value=\"\">Ingrese su pa\u00eds\/regi\u00f3n aqu\u00ed\u2026<\/option><option value=\"Afghanistan\">Afganist\u00e1n<\/option><option value=\"Albania\">Albania<\/option><option value=\"Algeria\">Argelia<\/option><option value=\"American Samoa\">Samoa Americana<\/option><option value=\"Andorra\">Andorra<\/option><option value=\"Angola\">Angola<\/option><option value=\"Anguilla\">Anguila<\/option><option value=\"Antarctica\">Ant\u00e1rtida<\/option><option value=\"Antigua and Barbuda\">Antigua y Barbuda<\/option><option value=\"Argentina\">Argentina<\/option><option value=\"Armenia\">Armenia<\/option><option value=\"Aruban\">Aruba<\/option><option value=\"Australia\">Australia<\/option><option value=\"Austria\">Austria<\/option><option value=\"Azerbaijan\">Azerbaiy\u00e1n<\/option><option value=\"Bahamas\">Bahamas<\/option><option value=\"Bahrain\">Bar\u00e9in<\/option><option value=\"Bangladesh\">Banglad\u00e9s<\/option><option value=\"Barbados\">Barbados<\/option><option value=\"Belarus\">Bielorrusia<\/option><option value=\"Belgium\">B\u00e9lgica<\/option><option value=\"Belize\">Belice<\/option><option value=\"Benin\">Ben\u00edn<\/option><option value=\"Bermuda\">islas Bermudas<\/option><option value=\"Bhutan\">But\u00e1n<\/option><option value=\"Bolivia\">Bolivia<\/option><option value=\"Bosnia and Herzegovina\">Bosnia y Herzegovina<\/option><option value=\"Botswana\">Botsuana<\/option><option value=\"Bouvet Island\">Isla Bouvet<\/option><option value=\"Brazil\">Brasil<\/option><option value=\"British Indian Ocean Territory\">Territorio Brit\u00e1nico del Oc\u00e9ano \u00cdndico<\/option><option value=\"British Virgin Islands\">Islas V\u00edrgenes Brit\u00e1nicas<\/option><option value=\"Brunei\">Brun\u00e9i<\/option><option value=\"Bulgaria\">Bulgaria<\/option><option value=\"Burkina Faso\">Burkina Faso<\/option><option value=\"Burundi\">Burundi<\/option><option value=\"Cambodia\">Camboya<\/option><option value=\"Cameroon\">Camer\u00fan<\/option><option value=\"Canada\">Canad\u00e1<\/option><option value=\"Cape Verde\">Cabo Verde<\/option><option value=\"Cayman Islands\">Islas Caim\u00e1n<\/option><option value=\"Central African Republic\">Rep\u00fablica Centroafricana<\/option><option value=\"Chad\">Chad<\/option><option value=\"Chile\">Chile<\/option><option value=\"China\">Porcelana<\/option><option value=\"Christmas Island\">Isla de Navidad<\/option><option value=\"Cocos Islands\">Islas Cocos<\/option><option value=\"Colombia\">Colombia<\/option><option value=\"Comoros\">Comoras<\/option><option value=\"Congo\">Congo<\/option><option value=\"Cook Islands\">Islas Cook<\/option><option value=\"Costa Rica\">Costa Rica<\/option><option value=\"Croatia\">Croacia<\/option><option value=\"Cuba\">Cuba<\/option><option value=\"Cyprus\">Chipre<\/option><option value=\"Czech Republic\">Rep\u00fablica Checa<\/option><option value=\"Cote d&#039;Ivoire\">Costa de Marfil<\/option><option value=\"Denmark\">Dinamarca<\/option><option value=\"Djibouti\">Yibuti<\/option><option value=\"Dominica\">Dominica<\/option><option value=\"Dominican Republic\">Rep\u00fablica Dominicana<\/option><option value=\"Ecuador\">Ecuador<\/option><option value=\"Egypt\">Egipto<\/option><option value=\"El Salvador\">El Salvador<\/option><option value=\"Equatorial Guinea\">Guinea Ecuatorial<\/option><option value=\"Eritrea\">Eritrea<\/option><option value=\"Estonia\">Estonia<\/option><option value=\"Ethiopia\">Etiop\u00eda<\/option><option value=\"Falkland Islands\">Islas Malvinas<\/option><option value=\"Faroe Islands\">Islas Feroe<\/option><option value=\"Fiji\">Fiyi<\/option><option value=\"Finland\">Finlandia<\/option><option value=\"France\">Francia<\/option><option value=\"French Guiana\">Guayana Francesa<\/option><option value=\"French Polynesia\">Polinesia Francesa<\/option><option value=\"French Southern Territories\">Territorios Australes Franceses<\/option><option value=\"Gabon\">Gab\u00f3n<\/option><option value=\"Gambia\">Gambia<\/option><option value=\"Georgia\">Georgia<\/option><option value=\"Germany\">Alemania<\/option><option value=\"Ghana\">Ghana<\/option><option value=\"Gibraltar\">Gibraltar<\/option><option value=\"Greece\">Grecia<\/option><option value=\"Greenland\">Tierra Verde<\/option><option value=\"Grenada\">Granada<\/option><option value=\"Guadeloupe\">Guadalupe<\/option><option value=\"Guam\">Guam<\/option><option value=\"Guatemala\">Guatemala<\/option><option value=\"Guernsey\">Guernsey<\/option><option value=\"Guinea\">Guinea<\/option><option value=\"GuineaBissau\">Guinea-Bissau<\/option><option value=\"Guyana\">Guayana<\/option><option value=\"Haiti\">Hait\u00ed<\/option><option value=\"Heard Island and McDonald Islands\">Islas Heard y McDonald<\/option><option value=\"Honduras\">Honduras<\/option><option value=\"Hong Kong\">Hong Kong<\/option><option value=\"Hungary\">Hungr\u00eda<\/option><option value=\"Iceland\">Islandia<\/option><option value=\"India\">India<\/option><option value=\"Indonesia\">Indonesia<\/option><option value=\"Iran\">Ir\u00e1n<\/option><option value=\"Iraq\">Irak<\/option><option value=\"Ireland\">Irlanda<\/option><option value=\"Israel\">Israel<\/option><option value=\"Italy\">Italia<\/option><option value=\"Jamaica\">Jamaica<\/option><option value=\"Japan\">Jap\u00f3n<\/option><option value=\"Jersey\">Jersey<\/option><option value=\"Jordan\">Jord\u00e1n<\/option><option value=\"Kazakhstan\">Kazajst\u00e1n<\/option><option value=\"Kenya\">Kenia<\/option><option value=\"Kiribati\">Kiribati<\/option><option value=\"Kosovo\">Kosovo<\/option><option value=\"Kuwt\">Kuwt<\/option><option value=\"Kyrgyzstan\">Kirguist\u00e1n<\/option><option value=\"Laos\">Laos<\/option><option value=\"Latvia\">Letonia<\/option><option value=\"Lebanon\">L\u00edbano<\/option><option value=\"Lesotho\">Lesoto<\/option><option value=\"Liberia\">Liberia<\/option><option value=\"Libya\">Libia<\/option><option value=\"Liechtenstein\">Liechtenstein<\/option><option value=\"Lithuania\">Lituania<\/option><option value=\"Luxembourg\">Luxemburgo<\/option><option value=\"Macao\">Macao<\/option><option value=\"North Macedonia\">Macedonia del Norte<\/option><option value=\"Madagascar\">Madagascar<\/option><option value=\"Malawi\">Malawi<\/option><option value=\"Malaysia\">Malasia<\/option><option value=\"Maldives\">Maldivas<\/option><option value=\"Mali\">Mal\u00ed<\/option><option value=\"Malta\">Malta<\/option><option value=\"Marshall Islands\">Islas Marshall<\/option><option value=\"Martinique\">Martinica<\/option><option value=\"Mauritania\">Mauritania<\/option><option value=\"Mauritius\">Mauricio<\/option><option value=\"Mayotte\">Mayotte<\/option><option value=\"Mexico\">M\u00e9xico<\/option><option value=\"Micronesia\">Micronesia<\/option><option value=\"Moldova\">Moldavia<\/option><option value=\"Monaco\">M\u00f3naco<\/option><option value=\"Mongolia\">Mongolia<\/option><option value=\"Montenegro\">Montenegro<\/option><option value=\"Montserrat\">Montserrat<\/option><option value=\"Morocco\">Marruecos<\/option><option value=\"Mozambique\">Mozambique<\/option><option value=\"Myanmar\">Myanmar<\/option><option value=\"Namibia\">Namibia<\/option><option value=\"Nauru\">Nauru<\/option><option value=\"Nepal\">Nepal<\/option><option value=\"Netherlands\">Pa\u00edses Bajos<\/option><option value=\"Netherlands Antilles\">Antillas Neerlandesas<\/option><option value=\"New Caledonia\">Nueva Caledonia<\/option><option value=\"New Zealand\">Nueva Zelanda<\/option><option value=\"Nicaragua\">Nicaragua<\/option><option value=\"Niger\">N\u00edger<\/option><option value=\"Nigeria\">Nigeria<\/option><option value=\"Niue\">Niue<\/option><option value=\"Norfolk Island\">Isla Norfolk<\/option><option value=\"North Korea\">Corea del Norte<\/option><option value=\"Northern Ireland\">Irlanda del Norte<\/option><option value=\"Northern Mariana Islands\">Islas Marianas del Norte<\/option><option value=\"Norway\">Noruega<\/option><option value=\"Oman\">Om\u00e1n<\/option><option value=\"Pakistan\">Pakist\u00e1n<\/option><option value=\"Palau\">Palaos<\/option><option value=\"Palestine\">Palestina<\/option><option value=\"Panama\">Panam\u00e1<\/option><option value=\"Papua New Guinea\">Pap\u00faa Nueva Guinea<\/option><option value=\"Paraguay\">Paraguay<\/option><option value=\"Peru\">Per\u00fa<\/option><option value=\"Philippines\">Filipinas<\/option><option value=\"Pitcairn\">Pitcairn<\/option><option value=\"Poland\">Polonia<\/option><option value=\"Portugal\">Portugal<\/option><option value=\"Puerto Rico\">Puerto Rico<\/option><option value=\"Qatar\">Katar<\/option><option value=\"Reunion\">Reuni\u00f3n<\/option><option value=\"Romania\">Rumania<\/option><option value=\"Russia\">Rusia<\/option><option value=\"Rwanda\">Ruanda<\/option><option value=\"Saint Helena\">Santa Elena<\/option><option value=\"Saint Kitts and Nevis\">San Crist\u00f3bal y Nieves<\/option><option value=\"Saint Lucia\">Santa Luc\u00eda<\/option><option value=\"Saint Pierre and Miquelon\">San Pedro y Miquel\u00f3n<\/option><option value=\"Saint Vincent and the Grenadines\">San Vicente y las Granadinas<\/option><option value=\"Samoa\">Samoa<\/option><option value=\"San Marino\">San Marino<\/option><option value=\"Sao Tome and Principe\">Santo Tom\u00e9 y Pr\u00edncipe<\/option><option value=\"Saudi Arabia\">Arabia Saudita<\/option><option value=\"Senegal\">Senegal<\/option><option value=\"Serbia\">Serbia<\/option><option value=\"Serbia and Montenegro\">Serbia y Montenegro<\/option><option value=\"Seychelles\">Seychelles<\/option><option value=\"Sierra Leone\">Sierra Leona<\/option><option value=\"Singapore\">Singapur<\/option><option value=\"Slovakia\">Eslovaquia<\/option><option value=\"Slovenia\">Eslovenia<\/option><option value=\"Solomon Islands\">Islas Salom\u00f3n<\/option><option value=\"Somalia\">Somalia<\/option><option value=\"South Africa\">Sud\u00e1frica<\/option><option value=\"South Georgia and the South Sandwich Islands\">Islas Georgias del Sur y Sandwich del Sur<\/option><option value=\"South Korea\">Corea del Sur<\/option><option value=\"Spain\">Espa\u00f1a<\/option><option value=\"Sri Lanka\">Sri Lanka<\/option><option value=\"Sudan\">Sud\u00e1n<\/option><option value=\"Suriname\">Surinam<\/option><option value=\"Svalbard and Jan Mayen\">Svalbard y Jan Mayen<\/option><option value=\"Eswatini\">Esuatini<\/option><option value=\"Sweden\">Suecia<\/option><option value=\"Switzerland\">Suiza<\/option><option value=\"Syria\">Siria<\/option><option value=\"Taiwan\">Taiw\u00e1n<\/option><option value=\"Tajikistan\">Tayikist\u00e1n<\/option><option value=\"Tanzania\">Tanzania<\/option><option value=\"Thailand\">Tailandia<\/option><option value=\"The Democratic Republic of Congo\">La Rep\u00fablica Democr\u00e1tica del Congo<\/option><option value=\"Timor-Leste\">Timor Oriental<\/option><option value=\"Togo\">Ir<\/option><option value=\"Tokelau\">Tokelau<\/option><option value=\"Tonga\">Tonga<\/option><option value=\"Trinidad and Tobago\">Trinidad y Tobago<\/option><option value=\"Tunisia\">T\u00fanez<\/option><option value=\"Turkey\">Pavo<\/option><option value=\"Turkmenistan\">Turkmenist\u00e1n<\/option><option value=\"Turks and Caicos Islands\">Islas Turcas y Caicos<\/option><option value=\"Tuvalu\">Tuvalu<\/option><option value=\"Virgin Islands\">Islas V\u00edrgenes<\/option><option value=\"Uganda\">Uganda<\/option><option value=\"Ukraine\">Ucrania<\/option><option value=\"United Arab Emirates\">Emiratos \u00c1rabes Unidos<\/option><option value=\"United Kingdom\">Reino Unido<\/option><option value=\"United States\">Estados Unidos<\/option><option value=\"United States Minor Outlying Islands\">Islas menores alejadas de los Estados Unidos<\/option><option value=\"Uruguay\">Uruguay<\/option><option value=\"Uzbekistan\">Uzbekist\u00e1n<\/option><option value=\"Vanuatu\">Vanuatu<\/option><option value=\"Vatican\">Vaticano<\/option><option value=\"Venezuela\">Venezuela<\/option><option value=\"Vietnam\">Vietnam<\/option><option value=\"Wallis and Futuna\">Wallis y Futuna<\/option><option value=\"Western Sahara\">S\u00e1hara Occidental<\/option><option value=\"Yemen\">Yemen<\/option><option value=\"Zambia\">Zambia<\/option><option value=\"Zimbabwe\">Zimbabue<\/option><option value=\"Aland Islands\">Islas \u00c5land<\/option><\/select><\/span>\n        <\/div>\n    <\/div>\n    <div class=\"col-lg-12\">\n        <div class=\"form-group\">\n            <label>Mensaje:<\/label>\n            <span class=\"wpcf7-form-control-wrap\" data-name=\"message\"><textarea name=\"message\" cols=\"40\" rows=\"5\" class=\"wpcf7-form-control wpcf7-textarea form-control\" aria-invalid=\"false\" placeholder=\"Escribe aqu\u00ed\u2026\"><\/textarea><\/span>\n        <\/div>\n    <\/div>\n    <div class=\"col-lg-12\"> \n        <button class=\"submit wpcf7-form-control has-spinner wpcf7-submit\">Entregar <i class=\"fas fa-paper-plane\"><\/i><\/button>\n    <\/div>\n<\/div><div class=\"wpcf7-response-output\" aria-hidden=\"true\"><\/div><input type=\"hidden\" name=\"trp-form-language\" value=\"es\"\/><\/form><\/div><\/div>\r\n<p>&nbsp;<\/p>\r\n\r\n<p>&nbsp;<\/p>","protected":false},"excerpt":{"rendered":"<p>&nbsp; &nbsp;<\/p>","protected":false},"author":1,"featured_media":0,"parent":0,"menu_order":0,"comment_status":"closed","ping_status":"closed","template":"template-become-our-partner.php","meta":{"_links_to":"","_links_to_target":""},"yoast_head":"<!-- This site is optimized with the Yoast SEO plugin v19.8 - https:\/\/yoast.com\/wordpress\/plugins\/seo\/ -->\n<title>Become Our Partner | Global Satellite Positioning Solutions | SatLab Geosolutions AB<\/title>\n<meta name=\"robots\" content=\"index, follow, max-snippet:-1, max-image-preview:large, max-video-preview:-1\" \/>\n<link rel=\"canonical\" href=\"https:\/\/www.satlabgeo.com\/es\/become-our-partner\/\" \/>\n<meta property=\"og:locale\" content=\"es_ES\" \/>\n<meta property=\"og:type\" content=\"article\" \/>\n<meta property=\"og:title\" content=\"Become Our Partner | Global Satellite Positioning Solutions | SatLab Geosolutions AB\" \/>\n<meta property=\"og:description\" content=\"&nbsp; &nbsp;\" \/>\n<meta property=\"og:url\" content=\"https:\/\/www.satlabgeo.com\/es\/become-our-partner\/\" \/>\n<meta property=\"og:site_name\" content=\"Global Satellite Positioning Solutions | SatLab Geosolutions AB\" \/>\n<meta property=\"article:modified_time\" content=\"2023-06-30T08:38:12+00:00\" \/>\n<meta name=\"twitter:card\" content=\"summary_large_image\" \/>\n<script type=\"application\/ld+json\" class=\"yoast-schema-graph\">{\"@context\":\"https:\/\/schema.org\",\"@graph\":[{\"@type\":\"WebPage\",\"@id\":\"https:\/\/www.satlabgeo.com\/become-our-partner\/\",\"url\":\"https:\/\/www.satlabgeo.com\/become-our-partner\/\",\"name\":\"Become Our Partner | Global Satellite Positioning Solutions | SatLab Geosolutions AB\",\"isPartOf\":{\"@id\":\"https:\/\/www.satlabgeo.com\/#website\"},\"datePublished\":\"2023-06-29T06:42:29+00:00\",\"dateModified\":\"2023-06-30T08:38:12+00:00\",\"breadcrumb\":{\"@id\":\"https:\/\/www.satlabgeo.com\/become-our-partner\/#breadcrumb\"},\"inLanguage\":\"es\",\"potentialAction\":[{\"@type\":\"ReadAction\",\"target\":[\"https:\/\/www.satlabgeo.com\/become-our-partner\/\"]}]},{\"@type\":\"BreadcrumbList\",\"@id\":\"https:\/\/www.satlabgeo.com\/become-our-partner\/#breadcrumb\",\"itemListElement\":[{\"@type\":\"ListItem\",\"position\":1,\"name\":\"Home\",\"item\":\"https:\/\/www.satlabgeo.com\/\"},{\"@type\":\"ListItem\",\"position\":2,\"name\":\"Become Our Partner\"}]},{\"@type\":\"WebSite\",\"@id\":\"https:\/\/www.satlabgeo.com\/#website\",\"url\":\"https:\/\/www.satlabgeo.com\/\",\"name\":\"Global Satellite Positioning Solutions | SatLab Geosolutions AB\",\"description\":\"\",\"publisher\":{\"@id\":\"https:\/\/www.satlabgeo.com\/#organization\"},\"potentialAction\":[{\"@type\":\"SearchAction\",\"target\":{\"@type\":\"EntryPoint\",\"urlTemplate\":\"https:\/\/www.satlabgeo.com\/?s={search_term_string}\"},\"query-input\":\"required name=search_term_string\"}],\"inLanguage\":\"es\"},{\"@type\":\"Organization\",\"@id\":\"https:\/\/www.satlabgeo.com\/#organization\",\"name\":\"Global Satellite Positioning Solutions | SatLab Geosolutions AB\",\"url\":\"https:\/\/www.satlabgeo.com\/\",\"sameAs\":[],\"logo\":{\"@type\":\"ImageObject\",\"inLanguage\":\"es\",\"@id\":\"https:\/\/www.satlabgeo.com\/#\/schema\/logo\/image\/\",\"url\":\"https:\/\/www.satlabgeo.com\/wp-content\/uploads\/2025\/08\/satlab-logo.webp\",\"contentUrl\":\"https:\/\/www.satlabgeo.com\/wp-content\/uploads\/2025\/08\/satlab-logo.webp\",\"width\":191,\"height\":48,\"caption\":\"Global Satellite Positioning Solutions | SatLab Geosolutions AB\"},\"image\":{\"@id\":\"https:\/\/www.satlabgeo.com\/#\/schema\/logo\/image\/\"}}]}<\/script>\n<!-- \/ Yoast SEO plugin. -->","yoast_head_json":{"title":"Become Our Partner | Global Satellite Positioning Solutions | SatLab Geosolutions AB","robots":{"index":"index","follow":"follow","max-snippet":"max-snippet:-1","max-image-preview":"max-image-preview:large","max-video-preview":"max-video-preview:-1"},"canonical":"https:\/\/www.satlabgeo.com\/es\/become-our-partner\/","og_locale":"es_ES","og_type":"article","og_title":"Become Our Partner | Global Satellite Positioning Solutions | SatLab Geosolutions AB","og_description":"&nbsp; &nbsp;","og_url":"https:\/\/www.satlabgeo.com\/es\/become-our-partner\/","og_site_name":"Global Satellite Positioning Solutions | SatLab Geosolutions AB","article_modified_time":"2023-06-30T08:38:12+00:00","twitter_card":"summary_large_image","schema":{"@context":"https:\/\/schema.org","@graph":[{"@type":"WebPage","@id":"https:\/\/www.satlabgeo.com\/become-our-partner\/","url":"https:\/\/www.satlabgeo.com\/become-our-partner\/","name":"Become Our Partner | Global Satellite Positioning Solutions | SatLab Geosolutions AB","isPartOf":{"@id":"https:\/\/www.satlabgeo.com\/#website"},"datePublished":"2023-06-29T06:42:29+00:00","dateModified":"2023-06-30T08:38:12+00:00","breadcrumb":{"@id":"https:\/\/www.satlabgeo.com\/become-our-partner\/#breadcrumb"},"inLanguage":"es","potentialAction":[{"@type":"ReadAction","target":["https:\/\/www.satlabgeo.com\/become-our-partner\/"]}]},{"@type":"BreadcrumbList","@id":"https:\/\/www.satlabgeo.com\/become-our-partner\/#breadcrumb","itemListElement":[{"@type":"ListItem","position":1,"name":"Home","item":"https:\/\/www.satlabgeo.com\/"},{"@type":"ListItem","position":2,"name":"Become Our Partner"}]},{"@type":"WebSite","@id":"https:\/\/www.satlabgeo.com\/#website","url":"https:\/\/www.satlabgeo.com\/","name":"Global Satellite Positioning Solutions | SatLab Geosolutions AB","description":"","publisher":{"@id":"https:\/\/www.satlabgeo.com\/#organization"},"potentialAction":[{"@type":"SearchAction","target":{"@type":"EntryPoint","urlTemplate":"https:\/\/www.satlabgeo.com\/?s={search_term_string}"},"query-input":"required name=search_term_string"}],"inLanguage":"es"},{"@type":"Organization","@id":"https:\/\/www.satlabgeo.com\/#organization","name":"Global Satellite Positioning Solutions | SatLab Geosolutions AB","url":"https:\/\/www.satlabgeo.com\/","sameAs":[],"logo":{"@type":"ImageObject","inLanguage":"es","@id":"https:\/\/www.satlabgeo.com\/#\/schema\/logo\/image\/","url":"https:\/\/www.satlabgeo.com\/wp-content\/uploads\/2025\/08\/satlab-logo.webp","contentUrl":"https:\/\/www.satlabgeo.com\/wp-content\/uploads\/2025\/08\/satlab-logo.webp","width":191,"height":48,"caption":"Global Satellite Positioning Solutions | SatLab Geosolutions AB"},"image":{"@id":"https:\/\/www.satlabgeo.com\/#\/schema\/logo\/image\/"}}]}},"_links":{"self":[{"href":"https:\/\/www.satlabgeo.com\/es\/wp-json\/wp\/v2\/pages\/1008"}],"collection":[{"href":"https:\/\/www.satlabgeo.com\/es\/wp-json\/wp\/v2\/pages"}],"about":[{"href":"https:\/\/www.satlabgeo.com\/es\/wp-json\/wp\/v2\/types\/page"}],"author":[{"embeddable":true,"href":"https:\/\/www.satlabgeo.com\/es\/wp-json\/wp\/v2\/users\/1"}],"replies":[{"embeddable":true,"href":"https:\/\/www.satlabgeo.com\/es\/wp-json\/wp\/v2\/comments?post=1008"}],"version-history":[{"count":1,"href":"https:\/\/www.satlabgeo.com\/es\/wp-json\/wp\/v2\/pages\/1008\/revisions"}],"predecessor-version":[{"id":1014,"href":"https:\/\/www.satlabgeo.com\/es\/wp-json\/wp\/v2\/pages\/1008\/revisions\/1014"}],"wp:attachment":[{"href":"https:\/\/www.satlabgeo.com\/es\/wp-json\/wp\/v2\/media?parent=1008"}],"curies":[{"name":"wp","href":"https:\/\/api.w.org\/{rel}","templated":true}]}}